{"id":2337,"date":"2022-03-18T10:31:52","date_gmt":"2022-03-18T09:31:52","guid":{"rendered":"https:\/\/www.cockpit-concept.de\/?page_id=2337"},"modified":"2024-04-18T09:52:36","modified_gmt":"2024-04-18T07:52:36","slug":"agb","status":"publish","type":"page","link":"https:\/\/www.cockpit-concept.de\/de\/agb\/","title":{"rendered":"Allgemeine Gesch\u00e4ftsbedingungen"},"content":{"rendered":"\n<h2 class=\"wp-block-heading\">Allgemeine Gesch\u00e4ftsbedingungen<\/h2>\n\n\n\n<h3 class=\"wp-block-heading\">1. Geltungsbereich<\/h3>\n\n\n\n<p>F\u00fcr die Gesch\u00e4ftsbeziehung zwischen Christoph Paulus (Verk\u00e4ufer) und dem K\u00e4ufer gelten ausschlie\u00dflich die nachfolgenden Allgemeinen Gesch\u00e4ftsbedingungen, nachfolgend als &#8222;AGB&#8220; bezeichnet. Von diesen AGB abweichende Regelungen gelten nur im Falle einer schriftlichen Best\u00e4tigung durch den Verk\u00e4ufer.<\/p>\n\n\n\n<h3 class=\"wp-block-heading\">2. Angebot und Vertragsschluss<\/h3>\n\n\n\n<p>Alle Angebote sind freibleibend und unverbindlich. Ein Vertragsschluss erfolgt erst durch schriftliche Auftragsbest\u00e4tigung oder mittels Rechnung. Alle Preise enthalten die gesetzliche Umsatzsteuer von 19 %.<\/p>\n\n\n\n<h3 class=\"wp-block-heading\">3. Zahlung und Verzug<\/h3>\n\n\n\n<p>Zahlungen sind innerhalb von 14 Tagen f\u00e4llig. Eine Lieferung der bestellten Ware erfolgt erst bei vollst\u00e4ndigem Eingang des f\u00e4lligen Betrages. Die Zahlung erfolgt \u00fcber Vorkasse (Bank\u00fcberweisung), SEPA-Lastschrift (\u00fcber Stripe), PayPal oder Kreditkarte (\u00fcber Stripe). Bei PayPal- und Stripe-Zahlungen werden die anfallenden Geb\u00fchren an den K\u00e4ufer weitergegeben. Diese berechnen sich wie folgt:<br>PayPal: EWR 2,99 %, Gro\u00dfbritannien 4,28 %, Rest der Welt 4,98 % + 0,39 Euro<br>Stripe: EWR 1,5 %, Gro\u00dfbritannien 2,5 %, Rest der Welt 3,25 % + 0,25 Euro<\/p>\n\n\n\n<h3 class=\"wp-block-heading\">4. Widerruf<\/h3>\n\n\n\n<p>Sie k\u00f6nnen Ihre Vertragserkl\u00e4rung innerhalb von zwei Wochen ohne Angabe von Gr\u00fcnden in Textform (z. B. Brief, Fax, E-Mail) oder &#8211; wenn Ihnen die Sache vor Fristablauf \u00fcberlassen wird &#8211; durch R\u00fccksendung der Sache widerrufen. Die Frist beginnt nach Erhalt dieser Belehrung in Textform, jedoch nicht vor Eingang der Ware beim Empf\u00e4nger (bei der wiederkehrenden Lieferung gleichartiger Waren nicht vor Eingang der ersten Teillieferung). Zur Wahrung der Widerrufsfrist gen\u00fcgt die rechtzeitige Absendung des Widerrufs oder der Sache. Der Widerruf ist zu richten an:<\/p>\n\n\n\n<p>Christoph Paulus<br>Friedhofstra\u00dfe 9A<br>52393 H\u00fcrtgenwald<br>Deutschland<\/p>\n\n\n\n<p>Telefon: <a href=\"&#x74;&#x65;&#x6c;&#x3a;&#43;&#52;&#57;&#49;719&#x36;&#x32;&#x37;&#x30;&#x36;&#56;\">&#x2b;&#52;&#x39;&#x20;(&#x30;&#41;1&#x37;&#49; &#x39;&#54;&#x32;&#x37;0&#x36;&#56;<\/a><br>E-Mail: <a href=\"&#109;&#x61;i&#108;&#x74;o&#58;&#x69;n&#102;&#x6f;&#64;&#99;&#x6f;c&#107;&#x70;i&#116;&#x2d;c&#111;&#x6e;c&#101;&#x70;t&#46;&#x64;e\">i&#110;&#102;&#x6f;&#x40;c&#111;&#99;&#x6b;&#x70;&#x69;t&#45;&#99;&#x6f;&#x6e;ce&#112;&#x74;&#x2e;&#x64;e<\/a><\/p>\n\n\n\n<p><strong>Widerrufsfolgen<\/strong><\/p>\n\n\n\n<p>Im Falle eines wirksamen Widerrufs sind die beiderseits empfangenen Leistungen zur\u00fcckzugew\u00e4hren und ggf. von uns gezogene Nutzungen (z.B. Zinsen) herauszugeben. K\u00f6nnen Sie uns die empfangene Leistung ganz oder teilweise nicht zur\u00fcckgew\u00e4hren, m\u00fcssen Sie uns insoweit ggf. Wertersatz leisten. F\u00fcr die Verschlechterung einer Sache m\u00fcssen Sie keinen Wertersatz leisten. Paketversandf\u00e4hige Sachen sind auf unsere Gefahr zur\u00fcckzusenden. Sie haben die Kosten der R\u00fccksendung zu tragen, wenn die gelieferte Ware der bestellten entspricht. Anderenfalls ist die R\u00fccksendung f\u00fcr Sie kostenfrei. Nicht paketversandf\u00e4hige Sachen werden bei Ihnen abgeholt. Verpflichtungen zur Erstattung von Zahlungen m\u00fcssen innerhalb von 30 Tagen erf\u00fcllt werden. Die Frist beginnt f\u00fcr Sie mit der Absendung Ihrer Widerrufserkl\u00e4rung oder der Sache, f\u00fcr uns mit deren Empfang.<\/p>\n\n\n\n<p><strong>Besondere Hinweise<\/strong><\/p>\n\n\n\n<p>Das Widerrufsrecht besteht nicht bei Lieferungen von Waren, die nach Kundenspezifikation angefertigt werden oder eindeutig auf die pers\u00f6nlichen Bed\u00fcrfnisse zugeschnitten sind. Ebenso besteht es nicht bei Datentr\u00e4gern, wenn diese vom Verbraucher entsiegelt worden sind.<\/p>\n\n\n\n<p>Ihr Widerrufsrecht erlischt vorzeitig, wenn der Vertrag von beiden Seiten auf Ihren ausdr\u00fccklichen Wunsch vollst\u00e4ndig erf\u00fcllt ist, bevor Sie Ihr Widerrufsrecht ausge\u00fcbt haben.<\/p>\n\n\n\n<h3 class=\"wp-block-heading\">5. Lieferung und Versandkosten<\/h3>\n\n\n\n<p>Die Auslieferung erfolgt innerhalb Deutschlands durch die Deutsche Post DHL, au\u00dferhalb durch ihren jeweiligen Partner.<br>Die Kosten f\u00fcr Verpackung und Versand werden je nach Zielland und Gewicht berechnet und in der Bestell\u00fcbersicht angezeigt.<\/p>\n\n\n\n<p>Bitte beachten Sie, dass je nach Zielland weitere Kosten anfallen k\u00f6nnen, die nicht exakt vorausgesagt werden k\u00f6nnen. Dies k\u00f6nnen zum Beispiel Zoll- oder sonstige Abgaben bei der Einfuhr sein. Bitte erkundigen Sie sich vor dem Abschicken einer Bestellung nach den etwaigen Kosten in Ihrem Land.<\/p>\n\n\n\n<h3 class=\"wp-block-heading\">6. R\u00fccktritt durch den Verk\u00e4ufer<\/h3>\n\n\n\n<p>Der Verk\u00e4ufer ist berechtigt, bis zur Erbringung der Leistungen aus wichtigem Grund vom Vertrag zur\u00fcckzutreten. Tritt der Verk\u00e4ufer aus wichtigem Grund vom Vertrag zur\u00fcck, wird der Preis umgehend \u00fcber die vom K\u00e4ufer bei der Bestellung ausgew\u00e4hlte Zahlungsart an Sie zur\u00fcckerstattet.<\/p>\n\n\n\n<h3 class=\"wp-block-heading\">7. Haftung<\/h3>\n\n\n\n<p>Die Haftung des Verk\u00e4ufers aus dem Vertrag ist auf Vorsatz und grobe Fahrl\u00e4ssigkeit beschr\u00e4nkt.<\/p>\n\n\n\n<h3 class=\"wp-block-heading\">8. Datenschutz<\/h3>\n\n\n\n<p>Die Datenverarbeitung erfolgt nach Ma\u00dfgabe des Bundesdatenschutzgesetzes. Alle Kundendaten werden nur erhoben, verarbeitet und genutzt, soweit dies f\u00fcr die Begr\u00fcndung und Durchf\u00fchrung des Vertrages notwendig ist.<\/p>\n\n\n\n<p>Der Kunde hat das Recht, auf Antrag unentgeltlich Auskunft zu erhalten \u00fcber die personenbezogenen Daten, die vom Verk\u00e4ufer \u00fcber ihn gespeichert wurden. Zus\u00e4tzlich hat er das Recht auf Berichtigung unrichtiger Daten, Sperrung und L\u00f6schung seiner personenbezogenen Daten, soweit keine gesetzliche Aufbewahrungspflicht entgegensteht.<\/p>\n\n\n\n<h3 class=\"wp-block-heading\">9. Anwendbares Recht<\/h3>\n\n\n\n<p>Es gilt das Recht der Bundesrepublik Deutschland. Das UN-Kaufrecht wird ausdr\u00fccklich ausgeschlossen.<\/p>\n\n\n\n<p>Sollten einzelne Bestimmungen der AGB ganz oder teilweise unwirksam sein, bleiben die \u00fcbrigen Bestimmungen unber\u00fchrt. An die Stelle der unwirksamen Bestimmungen oder deren Teile treten die jeweiligen gesetzlichen Bestimmungen.<\/p>\n","protected":false},"excerpt":{"rendered":"<p>Allgemeine Gesch\u00e4ftsbedingungen 1. Geltungsbereich F\u00fcr die Gesch\u00e4ftsbeziehung zwischen Christoph Paulus (Verk\u00e4ufer) und dem K\u00e4ufer gelten ausschlie\u00dflich die nachfolgenden Allgemeinen Gesch\u00e4ftsbedingungen, nachfolgend als &#8222;AGB&#8220; bezeichnet. Von diesen AGB abweichende Regelungen gelten nur im Falle einer schriftlichen Best\u00e4tigung durch den Verk\u00e4ufer. 2. Angebot und Vertragsschluss Alle Angebote sind freibleibend und unverbindlich. Ein Vertragsschluss erfolgt erst durch schriftliche [&hellip;]<\/p>\n","protected":false},"author":1,"featured_media":0,"parent":0,"menu_order":0,"comment_status":"closed","ping_status":"closed","template":"","meta":{"footnotes":""},"class_list":["post-2337","page","type-page","status-publish","hentry"],"yoast_head":"<!-- This site is optimized with the Yoast SEO plugin v25.7 - https:\/\/yoast.com\/wordpress\/plugins\/seo\/ -->\n<title>Allgemeine Gesch\u00e4ftsbedingungen - Cockpit Concept<\/title>\n<meta name=\"robots\" content=\"noindex, nofollow\" \/>\n<meta property=\"og:locale\" content=\"de_DE\" \/>\n<meta property=\"og:type\" content=\"article\" \/>\n<meta property=\"og:title\" content=\"Allgemeine Gesch\u00e4ftsbedingungen - Cockpit Concept\" \/>\n<meta property=\"og:description\" content=\"Allgemeine Gesch\u00e4ftsbedingungen 1. Geltungsbereich F\u00fcr die Gesch\u00e4ftsbeziehung zwischen Christoph Paulus (Verk\u00e4ufer) und dem K\u00e4ufer gelten ausschlie\u00dflich die nachfolgenden Allgemeinen Gesch\u00e4ftsbedingungen, nachfolgend als &#8222;AGB&#8220; bezeichnet. Von diesen AGB abweichende Regelungen gelten nur im Falle einer schriftlichen Best\u00e4tigung durch den Verk\u00e4ufer. 2. Angebot und Vertragsschluss Alle Angebote sind freibleibend und unverbindlich. Ein Vertragsschluss erfolgt erst durch schriftliche [&hellip;]\" \/>\n<meta property=\"og:url\" content=\"https:\/\/www.cockpit-concept.de\/de\/agb\/\" \/>\n<meta property=\"og:site_name\" content=\"Cockpit Concept\" \/>\n<meta property=\"article:modified_time\" content=\"2024-04-18T07:52:36+00:00\" \/>\n<meta name=\"twitter:card\" content=\"summary_large_image\" \/>\n<meta name=\"twitter:label1\" content=\"Gesch\u00e4tzte Lesezeit\" \/>\n\t<meta name=\"twitter:data1\" content=\"4\u00a0Minuten\" \/>\n<script type=\"application\/ld+json\" class=\"yoast-schema-graph\">{\"@context\":\"https:\/\/schema.org\",\"@graph\":[{\"@type\":\"WebPage\",\"@id\":\"https:\/\/www.cockpit-concept.de\/de\/agb\/\",\"url\":\"https:\/\/www.cockpit-concept.de\/de\/agb\/\",\"name\":\"Allgemeine Gesch\u00e4ftsbedingungen - Cockpit Concept\",\"isPartOf\":{\"@id\":\"https:\/\/www.cockpit-concept.de\/de\/#website\"},\"datePublished\":\"2022-03-18T09:31:52+00:00\",\"dateModified\":\"2024-04-18T07:52:36+00:00\",\"breadcrumb\":{\"@id\":\"https:\/\/www.cockpit-concept.de\/de\/agb\/#breadcrumb\"},\"inLanguage\":\"de\",\"potentialAction\":[{\"@type\":\"ReadAction\",\"target\":[\"https:\/\/www.cockpit-concept.de\/de\/agb\/\"]}]},{\"@type\":\"BreadcrumbList\",\"@id\":\"https:\/\/www.cockpit-concept.de\/de\/agb\/#breadcrumb\",\"itemListElement\":[{\"@type\":\"ListItem\",\"position\":1,\"name\":\"Startseite\",\"item\":\"https:\/\/www.cockpit-concept.de\/de\/\"},{\"@type\":\"ListItem\",\"position\":2,\"name\":\"Allgemeine Gesch\u00e4ftsbedingungen\"}]},{\"@type\":\"WebSite\",\"@id\":\"https:\/\/www.cockpit-concept.de\/de\/#website\",\"url\":\"https:\/\/www.cockpit-concept.de\/de\/\",\"name\":\"Cockpit Concept\",\"description\":\"Flight Simulator Electronics\",\"publisher\":{\"@id\":\"https:\/\/www.cockpit-concept.de\/de\/#organization\"},\"potentialAction\":[{\"@type\":\"SearchAction\",\"target\":{\"@type\":\"EntryPoint\",\"urlTemplate\":\"https:\/\/www.cockpit-concept.de\/de\/?s={search_term_string}\"},\"query-input\":{\"@type\":\"PropertyValueSpecification\",\"valueRequired\":true,\"valueName\":\"search_term_string\"}}],\"inLanguage\":\"de\"},{\"@type\":\"Organization\",\"@id\":\"https:\/\/www.cockpit-concept.de\/de\/#organization\",\"name\":\"Cockpit Concept\",\"url\":\"https:\/\/www.cockpit-concept.de\/de\/\",\"logo\":{\"@type\":\"ImageObject\",\"inLanguage\":\"de\",\"@id\":\"https:\/\/www.cockpit-concept.de\/de\/#\/schema\/logo\/image\/\",\"url\":\"https:\/\/www.cockpit-concept.de\/wp-content\/uploads\/2020\/12\/CockpitConcept.png\",\"contentUrl\":\"https:\/\/www.cockpit-concept.de\/wp-content\/uploads\/2020\/12\/CockpitConcept.png\",\"width\":800,\"height\":200,\"caption\":\"Cockpit Concept\"},\"image\":{\"@id\":\"https:\/\/www.cockpit-concept.de\/de\/#\/schema\/logo\/image\/\"}}]}<\/script>\n<!-- \/ Yoast SEO plugin. -->","yoast_head_json":{"title":"Allgemeine Gesch\u00e4ftsbedingungen - Cockpit Concept","robots":{"index":"noindex","follow":"nofollow"},"og_locale":"de_DE","og_type":"article","og_title":"Allgemeine Gesch\u00e4ftsbedingungen - Cockpit Concept","og_description":"Allgemeine Gesch\u00e4ftsbedingungen 1. Geltungsbereich F\u00fcr die Gesch\u00e4ftsbeziehung zwischen Christoph Paulus (Verk\u00e4ufer) und dem K\u00e4ufer gelten ausschlie\u00dflich die nachfolgenden Allgemeinen Gesch\u00e4ftsbedingungen, nachfolgend als &#8222;AGB&#8220; bezeichnet. Von diesen AGB abweichende Regelungen gelten nur im Falle einer schriftlichen Best\u00e4tigung durch den Verk\u00e4ufer. 2. Angebot und Vertragsschluss Alle Angebote sind freibleibend und unverbindlich. Ein Vertragsschluss erfolgt erst durch schriftliche [&hellip;]","og_url":"https:\/\/www.cockpit-concept.de\/de\/agb\/","og_site_name":"Cockpit Concept","article_modified_time":"2024-04-18T07:52:36+00:00","twitter_card":"summary_large_image","twitter_misc":{"Gesch\u00e4tzte Lesezeit":"4\u00a0Minuten"},"schema":{"@context":"https:\/\/schema.org","@graph":[{"@type":"WebPage","@id":"https:\/\/www.cockpit-concept.de\/de\/agb\/","url":"https:\/\/www.cockpit-concept.de\/de\/agb\/","name":"Allgemeine Gesch\u00e4ftsbedingungen - Cockpit Concept","isPartOf":{"@id":"https:\/\/www.cockpit-concept.de\/de\/#website"},"datePublished":"2022-03-18T09:31:52+00:00","dateModified":"2024-04-18T07:52:36+00:00","breadcrumb":{"@id":"https:\/\/www.cockpit-concept.de\/de\/agb\/#breadcrumb"},"inLanguage":"de","potentialAction":[{"@type":"ReadAction","target":["https:\/\/www.cockpit-concept.de\/de\/agb\/"]}]},{"@type":"BreadcrumbList","@id":"https:\/\/www.cockpit-concept.de\/de\/agb\/#breadcrumb","itemListElement":[{"@type":"ListItem","position":1,"name":"Startseite","item":"https:\/\/www.cockpit-concept.de\/de\/"},{"@type":"ListItem","position":2,"name":"Allgemeine Gesch\u00e4ftsbedingungen"}]},{"@type":"WebSite","@id":"https:\/\/www.cockpit-concept.de\/de\/#website","url":"https:\/\/www.cockpit-concept.de\/de\/","name":"Cockpit Concept","description":"Flight Simulator Electronics","publisher":{"@id":"https:\/\/www.cockpit-concept.de\/de\/#organization"},"potentialAction":[{"@type":"SearchAction","target":{"@type":"EntryPoint","urlTemplate":"https:\/\/www.cockpit-concept.de\/de\/?s={search_term_string}"},"query-input":{"@type":"PropertyValueSpecification","valueRequired":true,"valueName":"search_term_string"}}],"inLanguage":"de"},{"@type":"Organization","@id":"https:\/\/www.cockpit-concept.de\/de\/#organization","name":"Cockpit Concept","url":"https:\/\/www.cockpit-concept.de\/de\/","logo":{"@type":"ImageObject","inLanguage":"de","@id":"https:\/\/www.cockpit-concept.de\/de\/#\/schema\/logo\/image\/","url":"https:\/\/www.cockpit-concept.de\/wp-content\/uploads\/2020\/12\/CockpitConcept.png","contentUrl":"https:\/\/www.cockpit-concept.de\/wp-content\/uploads\/2020\/12\/CockpitConcept.png","width":800,"height":200,"caption":"Cockpit Concept"},"image":{"@id":"https:\/\/www.cockpit-concept.de\/de\/#\/schema\/logo\/image\/"}}]}},"_links":{"self":[{"href":"https:\/\/www.cockpit-concept.de\/de\/wp-json\/wp\/v2\/pages\/2337","targetHints":{"allow":["GET"]}}],"collection":[{"href":"https:\/\/www.cockpit-concept.de\/de\/wp-json\/wp\/v2\/pages"}],"about":[{"href":"https:\/\/www.cockpit-concept.de\/de\/wp-json\/wp\/v2\/types\/page"}],"author":[{"embeddable":true,"href":"https:\/\/www.cockpit-concept.de\/de\/wp-json\/wp\/v2\/users\/1"}],"replies":[{"embeddable":true,"href":"https:\/\/www.cockpit-concept.de\/de\/wp-json\/wp\/v2\/comments?post=2337"}],"version-history":[{"count":19,"href":"https:\/\/www.cockpit-concept.de\/de\/wp-json\/wp\/v2\/pages\/2337\/revisions"}],"predecessor-version":[{"id":2724,"href":"https:\/\/www.cockpit-concept.de\/de\/wp-json\/wp\/v2\/pages\/2337\/revisions\/2724"}],"wp:attachment":[{"href":"https:\/\/www.cockpit-concept.de\/de\/wp-json\/wp\/v2\/media?parent=2337"}],"curies":[{"name":"wp","href":"https:\/\/api.w.org\/{rel}","templated":true}]}}