{"id":2214,"date":"2020-12-21T13:24:43","date_gmt":"2020-12-21T12:24:43","guid":{"rendered":"https:\/\/www.cockpit-concept.de\/?post_type=product&#038;p=2214"},"modified":"2026-02-19T12:44:32","modified_gmt":"2026-02-19T11:44:32","slug":"arinc-429-ls-transceiver-usb","status":"publish","type":"product","link":"https:\/\/www.cockpit-concept.de\/de\/shop\/arinc-429-ls-transceiver-usb\/","title":{"rendered":"ARINC 429 LS Transceiver, USB"},"content":{"rendered":"<p>Diese Platine erm\u00f6glicht es, originale Instrumente und Ger\u00e4te, die auf dem ARINC 429 Low Speed Bus basieren, per USB an den Flugsimulator anzuschlie\u00dfen. Die Platine hat eine Sende- und eine Empfangseinheit. Damit k\u00f6nnen zum Beispiel Audio Control Panels, Weather Radar Control Panels, ECAM Controls Panels, Rudder Trim Displays, Airspeed Indicators, Altimeters, VHF oder ADF Control Panels angesteuert werden. In der Software w\u00e4hlen Sie Ihr Ger\u00e4t und die Zielsoftware aus, alles weitere geschieht automatisch.<\/p>\n","protected":false},"excerpt":{"rendered":"<p>Diese Platine erm\u00f6glicht es, originale Instrumente und Ger\u00e4te, die auf dem ARINC 429 Low Speed Bus basieren, per USB an den Flugsimulator anzuschlie\u00dfen. Die Platine hat eine Sende- und eine Empfangseinheit. Damit k\u00f6nnen zum Beispiel Audio Control Panels, Weather Radar Control Panels, ECAM Controls Panels, Rudder Trim Displays, Airspeed Indicators, Altimeters, VHF oder ADF Control [&hellip;]<\/p>\n","protected":false},"featured_media":2215,"comment_status":"open","ping_status":"closed","template":"","meta":[],"product_brand":[],"product_cat":[93],"product_tag":[157,163,141,142,134,140,156,153,154,148,165,138,139,155,137,152,161,162,160],"class_list":{"0":"post-2214","1":"product","2":"type-product","3":"status-publish","4":"has-post-thumbnail","6":"product_cat-arinc-429-de","7":"product_tag-acp","8":"product_tag-adf","9":"product_tag-airspeed","10":"product_tag-altimeter","11":"product_tag-arinc-429","12":"product_tag-asi","13":"product_tag-audio","14":"product_tag-comm","15":"product_tag-ecam","16":"product_tag-eicas","17":"product_tag-ils","18":"product_tag-radio","19":"product_tag-rcp","20":"product_tag-rudder-trim","21":"product_tag-usb","22":"product_tag-vhf","23":"product_tag-wcp","24":"product_tag-weather","25":"product_tag-wxr","27":"first","28":"instock","29":"featured","30":"taxable","31":"shipping-taxable","32":"purchasable","33":"product-type-simple"},"yoast_head":"<!-- This site is optimized with the Yoast SEO plugin v25.7 - https:\/\/yoast.com\/wordpress\/plugins\/seo\/ -->\n<title>ARINC 429 LS Transceiver, USB - Cockpit Concept<\/title>\n<meta name=\"robots\" content=\"index, follow, max-snippet:-1, max-image-preview:large, max-video-preview:-1\" \/>\n<link rel=\"canonical\" href=\"https:\/\/www.cockpit-concept.de\/de\/shop\/arinc-429-ls-transceiver-usb\/\" \/>\n<meta property=\"og:locale\" content=\"de_DE\" \/>\n<meta property=\"og:type\" content=\"article\" \/>\n<meta property=\"og:title\" content=\"ARINC 429 LS Transceiver, USB - Cockpit Concept\" \/>\n<meta property=\"og:description\" content=\"Diese Platine erm\u00f6glicht es, originale Instrumente und Ger\u00e4te, die auf dem ARINC 429 Low Speed Bus basieren, per USB an den Flugsimulator anzuschlie\u00dfen. Die Platine hat eine Sende- und eine Empfangseinheit. Damit k\u00f6nnen zum Beispiel Audio Control Panels, Weather Radar Control Panels, ECAM Controls Panels, Rudder Trim Displays, Airspeed Indicators, Altimeters, VHF oder ADF Control [&hellip;]\" \/>\n<meta property=\"og:url\" content=\"https:\/\/www.cockpit-concept.de\/de\/shop\/arinc-429-ls-transceiver-usb\/\" \/>\n<meta property=\"og:site_name\" content=\"Cockpit Concept\" \/>\n<meta property=\"article:modified_time\" content=\"2026-02-19T11:44:32+00:00\" \/>\n<meta property=\"og:image\" content=\"https:\/\/www.cockpit-concept.de\/wp-content\/uploads\/2020\/12\/ls_transceiver_rev3.jpg\" \/>\n\t<meta property=\"og:image:width\" content=\"800\" \/>\n\t<meta property=\"og:image:height\" content=\"640\" \/>\n\t<meta property=\"og:image:type\" content=\"image\/jpeg\" \/>\n<meta name=\"twitter:card\" content=\"summary_large_image\" \/>\n<meta name=\"twitter:label1\" content=\"Gesch\u00e4tzte Lesezeit\" \/>\n\t<meta name=\"twitter:data1\" content=\"1\u00a0Minute\" \/>\n<script type=\"application\/ld+json\" class=\"yoast-schema-graph\">{\"@context\":\"https:\/\/schema.org\",\"@graph\":[{\"@type\":\"WebPage\",\"@id\":\"https:\/\/www.cockpit-concept.de\/de\/shop\/arinc-429-ls-transceiver-usb\/\",\"url\":\"https:\/\/www.cockpit-concept.de\/de\/shop\/arinc-429-ls-transceiver-usb\/\",\"name\":\"ARINC 429 LS Transceiver, USB - Cockpit Concept\",\"isPartOf\":{\"@id\":\"https:\/\/www.cockpit-concept.de\/de\/#website\"},\"primaryImageOfPage\":{\"@id\":\"https:\/\/www.cockpit-concept.de\/de\/shop\/arinc-429-ls-transceiver-usb\/#primaryimage\"},\"image\":{\"@id\":\"https:\/\/www.cockpit-concept.de\/de\/shop\/arinc-429-ls-transceiver-usb\/#primaryimage\"},\"thumbnailUrl\":\"https:\/\/www.cockpit-concept.de\/wp-content\/uploads\/2020\/12\/ls_transceiver_rev3.jpg\",\"datePublished\":\"2020-12-21T12:24:43+00:00\",\"dateModified\":\"2026-02-19T11:44:32+00:00\",\"breadcrumb\":{\"@id\":\"https:\/\/www.cockpit-concept.de\/de\/shop\/arinc-429-ls-transceiver-usb\/#breadcrumb\"},\"inLanguage\":\"de\",\"potentialAction\":[{\"@type\":\"ReadAction\",\"target\":[\"https:\/\/www.cockpit-concept.de\/de\/shop\/arinc-429-ls-transceiver-usb\/\"]}]},{\"@type\":\"ImageObject\",\"inLanguage\":\"de\",\"@id\":\"https:\/\/www.cockpit-concept.de\/de\/shop\/arinc-429-ls-transceiver-usb\/#primaryimage\",\"url\":\"https:\/\/www.cockpit-concept.de\/wp-content\/uploads\/2020\/12\/ls_transceiver_rev3.jpg\",\"contentUrl\":\"https:\/\/www.cockpit-concept.de\/wp-content\/uploads\/2020\/12\/ls_transceiver_rev3.jpg\",\"width\":800,\"height\":640},{\"@type\":\"BreadcrumbList\",\"@id\":\"https:\/\/www.cockpit-concept.de\/de\/shop\/arinc-429-ls-transceiver-usb\/#breadcrumb\",\"itemListElement\":[{\"@type\":\"ListItem\",\"position\":1,\"name\":\"Startseite\",\"item\":\"https:\/\/www.cockpit-concept.de\/de\/\"},{\"@type\":\"ListItem\",\"position\":2,\"name\":\"Shop\",\"item\":\"https:\/\/www.cockpit-concept.de\/de\/shop\/\"},{\"@type\":\"ListItem\",\"position\":3,\"name\":\"ARINC 429 LS Transceiver, USB\"}]},{\"@type\":\"WebSite\",\"@id\":\"https:\/\/www.cockpit-concept.de\/de\/#website\",\"url\":\"https:\/\/www.cockpit-concept.de\/de\/\",\"name\":\"Cockpit Concept\",\"description\":\"Flight Simulator Electronics\",\"publisher\":{\"@id\":\"https:\/\/www.cockpit-concept.de\/de\/#organization\"},\"potentialAction\":[{\"@type\":\"SearchAction\",\"target\":{\"@type\":\"EntryPoint\",\"urlTemplate\":\"https:\/\/www.cockpit-concept.de\/de\/?s={search_term_string}\"},\"query-input\":{\"@type\":\"PropertyValueSpecification\",\"valueRequired\":true,\"valueName\":\"search_term_string\"}}],\"inLanguage\":\"de\"},{\"@type\":\"Organization\",\"@id\":\"https:\/\/www.cockpit-concept.de\/de\/#organization\",\"name\":\"Cockpit Concept\",\"url\":\"https:\/\/www.cockpit-concept.de\/de\/\",\"logo\":{\"@type\":\"ImageObject\",\"inLanguage\":\"de\",\"@id\":\"https:\/\/www.cockpit-concept.de\/de\/#\/schema\/logo\/image\/\",\"url\":\"https:\/\/www.cockpit-concept.de\/wp-content\/uploads\/2020\/12\/CockpitConcept.png\",\"contentUrl\":\"https:\/\/www.cockpit-concept.de\/wp-content\/uploads\/2020\/12\/CockpitConcept.png\",\"width\":800,\"height\":200,\"caption\":\"Cockpit Concept\"},\"image\":{\"@id\":\"https:\/\/www.cockpit-concept.de\/de\/#\/schema\/logo\/image\/\"}}]}<\/script>\n<!-- \/ Yoast SEO plugin. -->","yoast_head_json":{"title":"ARINC 429 LS Transceiver, USB - Cockpit Concept","robots":{"index":"index","follow":"follow","max-snippet":"max-snippet:-1","max-image-preview":"max-image-preview:large","max-video-preview":"max-video-preview:-1"},"canonical":"https:\/\/www.cockpit-concept.de\/de\/shop\/arinc-429-ls-transceiver-usb\/","og_locale":"de_DE","og_type":"article","og_title":"ARINC 429 LS Transceiver, USB - Cockpit Concept","og_description":"Diese Platine erm\u00f6glicht es, originale Instrumente und Ger\u00e4te, die auf dem ARINC 429 Low Speed Bus basieren, per USB an den Flugsimulator anzuschlie\u00dfen. Die Platine hat eine Sende- und eine Empfangseinheit. Damit k\u00f6nnen zum Beispiel Audio Control Panels, Weather Radar Control Panels, ECAM Controls Panels, Rudder Trim Displays, Airspeed Indicators, Altimeters, VHF oder ADF Control [&hellip;]","og_url":"https:\/\/www.cockpit-concept.de\/de\/shop\/arinc-429-ls-transceiver-usb\/","og_site_name":"Cockpit Concept","article_modified_time":"2026-02-19T11:44:32+00:00","og_image":[{"width":800,"height":640,"url":"https:\/\/www.cockpit-concept.de\/wp-content\/uploads\/2020\/12\/ls_transceiver_rev3.jpg","type":"image\/jpeg"}],"twitter_card":"summary_large_image","twitter_misc":{"Gesch\u00e4tzte Lesezeit":"1\u00a0Minute"},"schema":{"@context":"https:\/\/schema.org","@graph":[{"@type":"WebPage","@id":"https:\/\/www.cockpit-concept.de\/de\/shop\/arinc-429-ls-transceiver-usb\/","url":"https:\/\/www.cockpit-concept.de\/de\/shop\/arinc-429-ls-transceiver-usb\/","name":"ARINC 429 LS Transceiver, USB - Cockpit Concept","isPartOf":{"@id":"https:\/\/www.cockpit-concept.de\/de\/#website"},"primaryImageOfPage":{"@id":"https:\/\/www.cockpit-concept.de\/de\/shop\/arinc-429-ls-transceiver-usb\/#primaryimage"},"image":{"@id":"https:\/\/www.cockpit-concept.de\/de\/shop\/arinc-429-ls-transceiver-usb\/#primaryimage"},"thumbnailUrl":"https:\/\/www.cockpit-concept.de\/wp-content\/uploads\/2020\/12\/ls_transceiver_rev3.jpg","datePublished":"2020-12-21T12:24:43+00:00","dateModified":"2026-02-19T11:44:32+00:00","breadcrumb":{"@id":"https:\/\/www.cockpit-concept.de\/de\/shop\/arinc-429-ls-transceiver-usb\/#breadcrumb"},"inLanguage":"de","potentialAction":[{"@type":"ReadAction","target":["https:\/\/www.cockpit-concept.de\/de\/shop\/arinc-429-ls-transceiver-usb\/"]}]},{"@type":"ImageObject","inLanguage":"de","@id":"https:\/\/www.cockpit-concept.de\/de\/shop\/arinc-429-ls-transceiver-usb\/#primaryimage","url":"https:\/\/www.cockpit-concept.de\/wp-content\/uploads\/2020\/12\/ls_transceiver_rev3.jpg","contentUrl":"https:\/\/www.cockpit-concept.de\/wp-content\/uploads\/2020\/12\/ls_transceiver_rev3.jpg","width":800,"height":640},{"@type":"BreadcrumbList","@id":"https:\/\/www.cockpit-concept.de\/de\/shop\/arinc-429-ls-transceiver-usb\/#breadcrumb","itemListElement":[{"@type":"ListItem","position":1,"name":"Startseite","item":"https:\/\/www.cockpit-concept.de\/de\/"},{"@type":"ListItem","position":2,"name":"Shop","item":"https:\/\/www.cockpit-concept.de\/de\/shop\/"},{"@type":"ListItem","position":3,"name":"ARINC 429 LS Transceiver, USB"}]},{"@type":"WebSite","@id":"https:\/\/www.cockpit-concept.de\/de\/#website","url":"https:\/\/www.cockpit-concept.de\/de\/","name":"Cockpit Concept","description":"Flight Simulator Electronics","publisher":{"@id":"https:\/\/www.cockpit-concept.de\/de\/#organization"},"potentialAction":[{"@type":"SearchAction","target":{"@type":"EntryPoint","urlTemplate":"https:\/\/www.cockpit-concept.de\/de\/?s={search_term_string}"},"query-input":{"@type":"PropertyValueSpecification","valueRequired":true,"valueName":"search_term_string"}}],"inLanguage":"de"},{"@type":"Organization","@id":"https:\/\/www.cockpit-concept.de\/de\/#organization","name":"Cockpit Concept","url":"https:\/\/www.cockpit-concept.de\/de\/","logo":{"@type":"ImageObject","inLanguage":"de","@id":"https:\/\/www.cockpit-concept.de\/de\/#\/schema\/logo\/image\/","url":"https:\/\/www.cockpit-concept.de\/wp-content\/uploads\/2020\/12\/CockpitConcept.png","contentUrl":"https:\/\/www.cockpit-concept.de\/wp-content\/uploads\/2020\/12\/CockpitConcept.png","width":800,"height":200,"caption":"Cockpit Concept"},"image":{"@id":"https:\/\/www.cockpit-concept.de\/de\/#\/schema\/logo\/image\/"}}]}},"_links":{"self":[{"href":"https:\/\/www.cockpit-concept.de\/de\/wp-json\/wp\/v2\/product\/2214","targetHints":{"allow":["GET"]}}],"collection":[{"href":"https:\/\/www.cockpit-concept.de\/de\/wp-json\/wp\/v2\/product"}],"about":[{"href":"https:\/\/www.cockpit-concept.de\/de\/wp-json\/wp\/v2\/types\/product"}],"replies":[{"embeddable":true,"href":"https:\/\/www.cockpit-concept.de\/de\/wp-json\/wp\/v2\/comments?post=2214"}],"wp:featuredmedia":[{"embeddable":true,"href":"https:\/\/www.cockpit-concept.de\/de\/wp-json\/wp\/v2\/media\/2215"}],"wp:attachment":[{"href":"https:\/\/www.cockpit-concept.de\/de\/wp-json\/wp\/v2\/media?parent=2214"}],"wp:term":[{"taxonomy":"product_brand","embeddable":true,"href":"https:\/\/www.cockpit-concept.de\/de\/wp-json\/wp\/v2\/product_brand?post=2214"},{"taxonomy":"product_cat","embeddable":true,"href":"https:\/\/www.cockpit-concept.de\/de\/wp-json\/wp\/v2\/product_cat?post=2214"},{"taxonomy":"product_tag","embeddable":true,"href":"https:\/\/www.cockpit-concept.de\/de\/wp-json\/wp\/v2\/product_tag?post=2214"}],"curies":[{"name":"wp","href":"https:\/\/api.w.org\/{rel}","templated":true}]}}