{"id":2259,"date":"2022-02-08T16:50:17","date_gmt":"2022-02-08T15:50:17","guid":{"rendered":"https:\/\/www.cockpit-concept.de\/?post_type=product&#038;p=2259"},"modified":"2024-04-04T09:23:31","modified_gmt":"2024-04-04T07:23:31","slug":"mcdu-master-board-lan","status":"publish","type":"product","link":"https:\/\/www.cockpit-concept.de\/de\/shop\/mcdu-master-board-lan\/","title":{"rendered":"MCDU Master Board, LAN"},"content":{"rendered":"<p>Diese Platine erm\u00f6glicht es, eine originale A32X, A330 oder A340 MCDU oder eine 747, 757 oder 767 CDU per LAN an den Flugsimulator anzuschlie\u00dfen. Plug and Play mit JeeHell, ProSimA320, PSX und FlightFactor A320\/757\/767.<\/p>\n<p>Die Platine simuliert einen FMGC\/FMC und stellt die generelle Kommunikation mit der MCDU her. Das MCDU Men\u00fc der Software kann \u00fcber eine der leeren Tasten aufgerufen werden.<\/p>\n<p>Jede MCDU ben\u00f6tigt ein eigenes Master Board.<\/p>\n<p>Zur Simulation einer weiteren LRU ist das <a href=\"https:\/\/www.cockpit-concept.de\/catalog\/product_info.php?cPath=25_41&#038;products_id=139\" target=\"_blank\" rel=\"noopener\">MCDU Expansion Board<\/a> verf\u00fcgbar.<\/p>\n<p>Bitte kontaktieren Sie uns vor dem Kauf, damit wir gemeinsam testen k\u00f6nnen, ob Ihre MCDU funktioniert. Zudem erhalten Sie alle n\u00f6tigen Informationen zum Anschluss per E-Mail.<\/p>\n<p><b><font color=\"FF0000\">F\u00fcr den Betrieb der MCDU werden 115 V AC (400 Hz) sowieso eine K\u00fchlung ben\u00f6tigt.<\/font><\/b><\/p>\n<p><b><font color=\"FF0000\">Es wird eine externe 5 Volt Stromversorgung ben\u00f6tigt.<\/font><\/b><br \/>\n<br \/>\n<video width=\"384\" height=\"216\" controls><source src=\"https:\/\/www.cockpit-concept.de\/videos\/mcdu_master_prosim.mp4\" type=\"video\/mp4\"><\/source><\/video><\/p>\n<p><video width=\"378\" height=\"672\" controls><source src=\"https:\/\/www.cockpit-concept.de\/videos\/mcdu_master_jeehell.mp4\" type=\"video\/mp4\"><\/source><\/video><\/p>\n<p><video width=\"378\" height=\"672\" controls><source src=\"https:\/\/www.cockpit-concept.de\/videos\/mcdu_master_psx.mp4\" type=\"video\/mp4\"><\/source><\/video><\/p>\n<p><video width=\"378\" height=\"672\" controls><source src=\"https:\/\/www.cockpit-concept.de\/videos\/mcdu_master_ff_757_767.mp4\" type=\"video\/mp4\"><\/source><\/video><\/p>\n","protected":false},"excerpt":{"rendered":"<p>Diese Platine erm\u00f6glicht es, eine originale A32X, A330 oder A340 MCDU oder eine 747, 757 oder 767 CDU per LAN an den Flugsimulator anzuschlie\u00dfen. Plug and Play mit JeeHell, ProSimA320, PSX und FlightFactor A320\/757\/767. Die Platine simuliert einen FMGC\/FMC und stellt die generelle Kommunikation mit der MCDU her. Das MCDU Men\u00fc der Software kann \u00fcber [&hellip;]<\/p>\n","protected":false},"featured_media":2260,"comment_status":"open","ping_status":"closed","template":"","meta":[],"product_brand":[],"product_cat":[93],"product_tag":[134,170,169,179,177],"class_list":{"0":"post-2259","1":"product","2":"type-product","3":"status-publish","4":"has-post-thumbnail","6":"product_cat-arinc-429-de","7":"product_tag-arinc-429","8":"product_tag-ethernet","9":"product_tag-lan","10":"product_tag-master","11":"product_tag-mcdu","13":"first","14":"instock","15":"taxable","16":"shipping-taxable","17":"purchasable","18":"product-type-simple"},"yoast_head":"<!-- This site is optimized with the Yoast SEO plugin v25.7 - https:\/\/yoast.com\/wordpress\/plugins\/seo\/ -->\n<title>MCDU Master Board, LAN - Cockpit Concept<\/title>\n<meta name=\"robots\" content=\"index, follow, max-snippet:-1, max-image-preview:large, max-video-preview:-1\" \/>\n<link rel=\"canonical\" href=\"https:\/\/www.cockpit-concept.de\/de\/shop\/mcdu-master-board-lan\/\" \/>\n<meta property=\"og:locale\" content=\"de_DE\" \/>\n<meta property=\"og:type\" content=\"article\" \/>\n<meta property=\"og:title\" content=\"MCDU Master Board, LAN - Cockpit Concept\" \/>\n<meta property=\"og:description\" content=\"Diese Platine erm\u00f6glicht es, eine originale A32X, A330 oder A340 MCDU oder eine 747, 757 oder 767 CDU per LAN an den Flugsimulator anzuschlie\u00dfen. Plug and Play mit JeeHell, ProSimA320, PSX und FlightFactor A320\/757\/767. Die Platine simuliert einen FMGC\/FMC und stellt die generelle Kommunikation mit der MCDU her. Das MCDU Men\u00fc der Software kann \u00fcber [&hellip;]\" \/>\n<meta property=\"og:url\" content=\"https:\/\/www.cockpit-concept.de\/de\/shop\/mcdu-master-board-lan\/\" \/>\n<meta property=\"og:site_name\" content=\"Cockpit Concept\" \/>\n<meta property=\"article:modified_time\" content=\"2024-04-04T07:23:31+00:00\" \/>\n<meta property=\"og:image\" content=\"https:\/\/www.cockpit-concept.de\/wp-content\/uploads\/2022\/02\/mcdu_master_1.jpg\" \/>\n\t<meta property=\"og:image:width\" content=\"800\" \/>\n\t<meta property=\"og:image:height\" content=\"640\" \/>\n\t<meta property=\"og:image:type\" content=\"image\/jpeg\" \/>\n<meta name=\"twitter:card\" content=\"summary_large_image\" \/>\n<meta name=\"twitter:label1\" content=\"Gesch\u00e4tzte Lesezeit\" \/>\n\t<meta name=\"twitter:data1\" content=\"1\u00a0Minute\" \/>\n<script type=\"application\/ld+json\" class=\"yoast-schema-graph\">{\"@context\":\"https:\/\/schema.org\",\"@graph\":[{\"@type\":\"WebPage\",\"@id\":\"https:\/\/www.cockpit-concept.de\/de\/shop\/mcdu-master-board-lan\/\",\"url\":\"https:\/\/www.cockpit-concept.de\/de\/shop\/mcdu-master-board-lan\/\",\"name\":\"MCDU Master Board, LAN - Cockpit Concept\",\"isPartOf\":{\"@id\":\"https:\/\/www.cockpit-concept.de\/de\/#website\"},\"primaryImageOfPage\":{\"@id\":\"https:\/\/www.cockpit-concept.de\/de\/shop\/mcdu-master-board-lan\/#primaryimage\"},\"image\":{\"@id\":\"https:\/\/www.cockpit-concept.de\/de\/shop\/mcdu-master-board-lan\/#primaryimage\"},\"thumbnailUrl\":\"https:\/\/www.cockpit-concept.de\/wp-content\/uploads\/2022\/02\/mcdu_master_1.jpg\",\"datePublished\":\"2022-02-08T15:50:17+00:00\",\"dateModified\":\"2024-04-04T07:23:31+00:00\",\"breadcrumb\":{\"@id\":\"https:\/\/www.cockpit-concept.de\/de\/shop\/mcdu-master-board-lan\/#breadcrumb\"},\"inLanguage\":\"de\",\"potentialAction\":[{\"@type\":\"ReadAction\",\"target\":[\"https:\/\/www.cockpit-concept.de\/de\/shop\/mcdu-master-board-lan\/\"]}]},{\"@type\":\"ImageObject\",\"inLanguage\":\"de\",\"@id\":\"https:\/\/www.cockpit-concept.de\/de\/shop\/mcdu-master-board-lan\/#primaryimage\",\"url\":\"https:\/\/www.cockpit-concept.de\/wp-content\/uploads\/2022\/02\/mcdu_master_1.jpg\",\"contentUrl\":\"https:\/\/www.cockpit-concept.de\/wp-content\/uploads\/2022\/02\/mcdu_master_1.jpg\",\"width\":800,\"height\":640},{\"@type\":\"BreadcrumbList\",\"@id\":\"https:\/\/www.cockpit-concept.de\/de\/shop\/mcdu-master-board-lan\/#breadcrumb\",\"itemListElement\":[{\"@type\":\"ListItem\",\"position\":1,\"name\":\"Startseite\",\"item\":\"https:\/\/www.cockpit-concept.de\/de\/\"},{\"@type\":\"ListItem\",\"position\":2,\"name\":\"Shop\",\"item\":\"https:\/\/www.cockpit-concept.de\/de\/shop\/\"},{\"@type\":\"ListItem\",\"position\":3,\"name\":\"MCDU Master Board, LAN\"}]},{\"@type\":\"WebSite\",\"@id\":\"https:\/\/www.cockpit-concept.de\/de\/#website\",\"url\":\"https:\/\/www.cockpit-concept.de\/de\/\",\"name\":\"Cockpit Concept\",\"description\":\"Flight Simulator Electronics\",\"publisher\":{\"@id\":\"https:\/\/www.cockpit-concept.de\/de\/#organization\"},\"potentialAction\":[{\"@type\":\"SearchAction\",\"target\":{\"@type\":\"EntryPoint\",\"urlTemplate\":\"https:\/\/www.cockpit-concept.de\/de\/?s={search_term_string}\"},\"query-input\":{\"@type\":\"PropertyValueSpecification\",\"valueRequired\":true,\"valueName\":\"search_term_string\"}}],\"inLanguage\":\"de\"},{\"@type\":\"Organization\",\"@id\":\"https:\/\/www.cockpit-concept.de\/de\/#organization\",\"name\":\"Cockpit Concept\",\"url\":\"https:\/\/www.cockpit-concept.de\/de\/\",\"logo\":{\"@type\":\"ImageObject\",\"inLanguage\":\"de\",\"@id\":\"https:\/\/www.cockpit-concept.de\/de\/#\/schema\/logo\/image\/\",\"url\":\"https:\/\/www.cockpit-concept.de\/wp-content\/uploads\/2020\/12\/CockpitConcept.png\",\"contentUrl\":\"https:\/\/www.cockpit-concept.de\/wp-content\/uploads\/2020\/12\/CockpitConcept.png\",\"width\":800,\"height\":200,\"caption\":\"Cockpit Concept\"},\"image\":{\"@id\":\"https:\/\/www.cockpit-concept.de\/de\/#\/schema\/logo\/image\/\"}}]}<\/script>\n<!-- \/ Yoast SEO plugin. -->","yoast_head_json":{"title":"MCDU Master Board, LAN - Cockpit Concept","robots":{"index":"index","follow":"follow","max-snippet":"max-snippet:-1","max-image-preview":"max-image-preview:large","max-video-preview":"max-video-preview:-1"},"canonical":"https:\/\/www.cockpit-concept.de\/de\/shop\/mcdu-master-board-lan\/","og_locale":"de_DE","og_type":"article","og_title":"MCDU Master Board, LAN - Cockpit Concept","og_description":"Diese Platine erm\u00f6glicht es, eine originale A32X, A330 oder A340 MCDU oder eine 747, 757 oder 767 CDU per LAN an den Flugsimulator anzuschlie\u00dfen. Plug and Play mit JeeHell, ProSimA320, PSX und FlightFactor A320\/757\/767. Die Platine simuliert einen FMGC\/FMC und stellt die generelle Kommunikation mit der MCDU her. Das MCDU Men\u00fc der Software kann \u00fcber [&hellip;]","og_url":"https:\/\/www.cockpit-concept.de\/de\/shop\/mcdu-master-board-lan\/","og_site_name":"Cockpit Concept","article_modified_time":"2024-04-04T07:23:31+00:00","og_image":[{"width":800,"height":640,"url":"https:\/\/www.cockpit-concept.de\/wp-content\/uploads\/2022\/02\/mcdu_master_1.jpg","type":"image\/jpeg"}],"twitter_card":"summary_large_image","twitter_misc":{"Gesch\u00e4tzte Lesezeit":"1\u00a0Minute"},"schema":{"@context":"https:\/\/schema.org","@graph":[{"@type":"WebPage","@id":"https:\/\/www.cockpit-concept.de\/de\/shop\/mcdu-master-board-lan\/","url":"https:\/\/www.cockpit-concept.de\/de\/shop\/mcdu-master-board-lan\/","name":"MCDU Master Board, LAN - Cockpit Concept","isPartOf":{"@id":"https:\/\/www.cockpit-concept.de\/de\/#website"},"primaryImageOfPage":{"@id":"https:\/\/www.cockpit-concept.de\/de\/shop\/mcdu-master-board-lan\/#primaryimage"},"image":{"@id":"https:\/\/www.cockpit-concept.de\/de\/shop\/mcdu-master-board-lan\/#primaryimage"},"thumbnailUrl":"https:\/\/www.cockpit-concept.de\/wp-content\/uploads\/2022\/02\/mcdu_master_1.jpg","datePublished":"2022-02-08T15:50:17+00:00","dateModified":"2024-04-04T07:23:31+00:00","breadcrumb":{"@id":"https:\/\/www.cockpit-concept.de\/de\/shop\/mcdu-master-board-lan\/#breadcrumb"},"inLanguage":"de","potentialAction":[{"@type":"ReadAction","target":["https:\/\/www.cockpit-concept.de\/de\/shop\/mcdu-master-board-lan\/"]}]},{"@type":"ImageObject","inLanguage":"de","@id":"https:\/\/www.cockpit-concept.de\/de\/shop\/mcdu-master-board-lan\/#primaryimage","url":"https:\/\/www.cockpit-concept.de\/wp-content\/uploads\/2022\/02\/mcdu_master_1.jpg","contentUrl":"https:\/\/www.cockpit-concept.de\/wp-content\/uploads\/2022\/02\/mcdu_master_1.jpg","width":800,"height":640},{"@type":"BreadcrumbList","@id":"https:\/\/www.cockpit-concept.de\/de\/shop\/mcdu-master-board-lan\/#breadcrumb","itemListElement":[{"@type":"ListItem","position":1,"name":"Startseite","item":"https:\/\/www.cockpit-concept.de\/de\/"},{"@type":"ListItem","position":2,"name":"Shop","item":"https:\/\/www.cockpit-concept.de\/de\/shop\/"},{"@type":"ListItem","position":3,"name":"MCDU Master Board, LAN"}]},{"@type":"WebSite","@id":"https:\/\/www.cockpit-concept.de\/de\/#website","url":"https:\/\/www.cockpit-concept.de\/de\/","name":"Cockpit Concept","description":"Flight Simulator Electronics","publisher":{"@id":"https:\/\/www.cockpit-concept.de\/de\/#organization"},"potentialAction":[{"@type":"SearchAction","target":{"@type":"EntryPoint","urlTemplate":"https:\/\/www.cockpit-concept.de\/de\/?s={search_term_string}"},"query-input":{"@type":"PropertyValueSpecification","valueRequired":true,"valueName":"search_term_string"}}],"inLanguage":"de"},{"@type":"Organization","@id":"https:\/\/www.cockpit-concept.de\/de\/#organization","name":"Cockpit Concept","url":"https:\/\/www.cockpit-concept.de\/de\/","logo":{"@type":"ImageObject","inLanguage":"de","@id":"https:\/\/www.cockpit-concept.de\/de\/#\/schema\/logo\/image\/","url":"https:\/\/www.cockpit-concept.de\/wp-content\/uploads\/2020\/12\/CockpitConcept.png","contentUrl":"https:\/\/www.cockpit-concept.de\/wp-content\/uploads\/2020\/12\/CockpitConcept.png","width":800,"height":200,"caption":"Cockpit Concept"},"image":{"@id":"https:\/\/www.cockpit-concept.de\/de\/#\/schema\/logo\/image\/"}}]}},"_links":{"self":[{"href":"https:\/\/www.cockpit-concept.de\/de\/wp-json\/wp\/v2\/product\/2259","targetHints":{"allow":["GET"]}}],"collection":[{"href":"https:\/\/www.cockpit-concept.de\/de\/wp-json\/wp\/v2\/product"}],"about":[{"href":"https:\/\/www.cockpit-concept.de\/de\/wp-json\/wp\/v2\/types\/product"}],"replies":[{"embeddable":true,"href":"https:\/\/www.cockpit-concept.de\/de\/wp-json\/wp\/v2\/comments?post=2259"}],"wp:featuredmedia":[{"embeddable":true,"href":"https:\/\/www.cockpit-concept.de\/de\/wp-json\/wp\/v2\/media\/2260"}],"wp:attachment":[{"href":"https:\/\/www.cockpit-concept.de\/de\/wp-json\/wp\/v2\/media?parent=2259"}],"wp:term":[{"taxonomy":"product_brand","embeddable":true,"href":"https:\/\/www.cockpit-concept.de\/de\/wp-json\/wp\/v2\/product_brand?post=2259"},{"taxonomy":"product_cat","embeddable":true,"href":"https:\/\/www.cockpit-concept.de\/de\/wp-json\/wp\/v2\/product_cat?post=2259"},{"taxonomy":"product_tag","embeddable":true,"href":"https:\/\/www.cockpit-concept.de\/de\/wp-json\/wp\/v2\/product_tag?post=2259"}],"curies":[{"name":"wp","href":"https:\/\/api.w.org\/{rel}","templated":true}]}}