{"id":2269,"date":"2022-02-08T17:23:00","date_gmt":"2022-02-08T16:23:00","guid":{"rendered":"https:\/\/www.cockpit-concept.de\/?post_type=product&#038;p=2269"},"modified":"2025-10-07T13:54:03","modified_gmt":"2025-10-07T11:54:03","slug":"dimmer-max-5-a-max-28-v-ueber-eingang-abschaltbar","status":"publish","type":"product","link":"https:\/\/www.cockpit-concept.de\/de\/shop\/dimmer-max-5-a-max-28-v-ueber-eingang-abschaltbar\/","title":{"rendered":"Dimmer, max. 5 A, max. 28 V, \u00fcber Eingang abschaltbar"},"content":{"rendered":"<p>Mit diesem Dimmer k\u00f6nnen alle Lampen (max. 28 V), die mittels Pulsweitenmodulation (PWM) gedimmt werden k\u00f6nnen, zwischen 0 und 100 % gedimmt werden (z.B. Leuchtdioden oder kleine Gl\u00fchbirnen). Die Lampen und deren Versorgungsspannung (max. 28 V) k\u00f6nnen \u00fcber zwei separate Schraubklemmen angeschlossen werden. Die Last darf 5 A nicht \u00fcberschreiten.<\/p>\n<p>Die Platine hat einen Eingang, mit dem der Dimmer abgeschaltet werden kann. In diesem Fall sind die angeschlossenen Lampen erloschen. Daf\u00fcr muss die Masse an den Eingang angelegt werden. In jedem Fall ben\u00f6tigt der Dimmer eine eigene stabile 5 V Spannungsversorgung. Diese sollte nicht mit einer hohen PWM-Last belastet sein.<\/p>\n<p>Die Helligkeit kann mit einem Potentiometer (100 Ohm bis 1 Megaohm) eingestellt werden, welches nicht im Lieferumfang enthalten ist.<\/p>\n<p>Zus\u00e4tzlich besitzt die Platine einen Anschluss f\u00fcr Dimmer-Erweiterungen, mit denen \u00fcber das gleiche Potentiometer dieser Platine andere Lampensysteme, auch unterschiedlicher Spannungen, gesteuert werden k\u00f6nnen (s. &quot;Dimmer-Erweiterung&quot;).<\/p>\n<p><b><font color=\"FF0000\">Potentiometer nicht im Lieferumfang enthalten.<\/font><\/b><\/p>\n<p><b><font color=\"FF0000\">Es wird eine externe 5 Volt Stromversorgung ben\u00f6tigt. Alle Massen der Spannungsversorgungen von Dimmer und Erweiterungen m\u00fcssen verbunden sein.<\/font><\/b><\/p>\n","protected":false},"excerpt":{"rendered":"<p>Mit diesem Dimmer k\u00f6nnen alle Lampen (max. 28 V), die mittels Pulsweitenmodulation (PWM) gedimmt werden k\u00f6nnen, zwischen 0 und 100 % gedimmt werden (z.B. Leuchtdioden oder kleine Gl\u00fchbirnen). Die Lampen und deren Versorgungsspannung (max. 28 V) k\u00f6nnen \u00fcber zwei separate Schraubklemmen angeschlossen werden. Die Last darf 5 A nicht \u00fcberschreiten. Die Platine hat einen Eingang, [&hellip;]<\/p>\n","protected":false},"featured_media":2270,"comment_status":"open","ping_status":"closed","template":"","meta":[],"product_brand":[],"product_cat":[124],"product_tag":[225,194,181,193],"class_list":{"0":"post-2269","1":"product","2":"type-product","3":"status-publish","4":"has-post-thumbnail","6":"product_cat-dimmer-de","7":"product_tag-backlight","8":"product_tag-bulb","9":"product_tag-dimmer","10":"product_tag-led","12":"first","13":"instock","14":"taxable","15":"shipping-taxable","16":"purchasable","17":"product-type-simple"},"yoast_head":"<!-- This site is optimized with the Yoast SEO plugin v25.7 - https:\/\/yoast.com\/wordpress\/plugins\/seo\/ -->\n<title>Dimmer, max. 5 A, max. 28 V, \u00fcber Eingang abschaltbar - Cockpit Concept<\/title>\n<meta name=\"robots\" content=\"index, follow, max-snippet:-1, max-image-preview:large, max-video-preview:-1\" \/>\n<link rel=\"canonical\" href=\"https:\/\/www.cockpit-concept.de\/de\/shop\/dimmer-max-5-a-max-28-v-ueber-eingang-abschaltbar\/\" \/>\n<meta property=\"og:locale\" content=\"de_DE\" \/>\n<meta property=\"og:type\" content=\"article\" \/>\n<meta property=\"og:title\" content=\"Dimmer, max. 5 A, max. 28 V, \u00fcber Eingang abschaltbar - Cockpit Concept\" \/>\n<meta property=\"og:description\" content=\"Mit diesem Dimmer k\u00f6nnen alle Lampen (max. 28 V), die mittels Pulsweitenmodulation (PWM) gedimmt werden k\u00f6nnen, zwischen 0 und 100 % gedimmt werden (z.B. Leuchtdioden oder kleine Gl\u00fchbirnen). Die Lampen und deren Versorgungsspannung (max. 28 V) k\u00f6nnen \u00fcber zwei separate Schraubklemmen angeschlossen werden. Die Last darf 5 A nicht \u00fcberschreiten. Die Platine hat einen Eingang, [&hellip;]\" \/>\n<meta property=\"og:url\" content=\"https:\/\/www.cockpit-concept.de\/de\/shop\/dimmer-max-5-a-max-28-v-ueber-eingang-abschaltbar\/\" \/>\n<meta property=\"og:site_name\" content=\"Cockpit Concept\" \/>\n<meta property=\"article:modified_time\" content=\"2025-10-07T11:54:03+00:00\" \/>\n<meta property=\"og:image\" content=\"https:\/\/www.cockpit-concept.de\/wp-content\/uploads\/2022\/02\/dimmer2_gross.jpg\" \/>\n\t<meta property=\"og:image:width\" content=\"800\" \/>\n\t<meta property=\"og:image:height\" content=\"640\" \/>\n\t<meta property=\"og:image:type\" content=\"image\/jpeg\" \/>\n<meta name=\"twitter:card\" content=\"summary_large_image\" \/>\n<meta name=\"twitter:label1\" content=\"Gesch\u00e4tzte Lesezeit\" \/>\n\t<meta name=\"twitter:data1\" content=\"2\u00a0Minuten\" \/>\n<script type=\"application\/ld+json\" class=\"yoast-schema-graph\">{\"@context\":\"https:\/\/schema.org\",\"@graph\":[{\"@type\":\"WebPage\",\"@id\":\"https:\/\/www.cockpit-concept.de\/de\/shop\/dimmer-max-5-a-max-28-v-ueber-eingang-abschaltbar\/\",\"url\":\"https:\/\/www.cockpit-concept.de\/de\/shop\/dimmer-max-5-a-max-28-v-ueber-eingang-abschaltbar\/\",\"name\":\"Dimmer, max. 5 A, max. 28 V, \u00fcber Eingang abschaltbar - Cockpit Concept\",\"isPartOf\":{\"@id\":\"https:\/\/www.cockpit-concept.de\/de\/#website\"},\"primaryImageOfPage\":{\"@id\":\"https:\/\/www.cockpit-concept.de\/de\/shop\/dimmer-max-5-a-max-28-v-ueber-eingang-abschaltbar\/#primaryimage\"},\"image\":{\"@id\":\"https:\/\/www.cockpit-concept.de\/de\/shop\/dimmer-max-5-a-max-28-v-ueber-eingang-abschaltbar\/#primaryimage\"},\"thumbnailUrl\":\"https:\/\/www.cockpit-concept.de\/wp-content\/uploads\/2022\/02\/dimmer2_gross.jpg\",\"datePublished\":\"2022-02-08T16:23:00+00:00\",\"dateModified\":\"2025-10-07T11:54:03+00:00\",\"breadcrumb\":{\"@id\":\"https:\/\/www.cockpit-concept.de\/de\/shop\/dimmer-max-5-a-max-28-v-ueber-eingang-abschaltbar\/#breadcrumb\"},\"inLanguage\":\"de\",\"potentialAction\":[{\"@type\":\"ReadAction\",\"target\":[\"https:\/\/www.cockpit-concept.de\/de\/shop\/dimmer-max-5-a-max-28-v-ueber-eingang-abschaltbar\/\"]}]},{\"@type\":\"ImageObject\",\"inLanguage\":\"de\",\"@id\":\"https:\/\/www.cockpit-concept.de\/de\/shop\/dimmer-max-5-a-max-28-v-ueber-eingang-abschaltbar\/#primaryimage\",\"url\":\"https:\/\/www.cockpit-concept.de\/wp-content\/uploads\/2022\/02\/dimmer2_gross.jpg\",\"contentUrl\":\"https:\/\/www.cockpit-concept.de\/wp-content\/uploads\/2022\/02\/dimmer2_gross.jpg\",\"width\":800,\"height\":640},{\"@type\":\"BreadcrumbList\",\"@id\":\"https:\/\/www.cockpit-concept.de\/de\/shop\/dimmer-max-5-a-max-28-v-ueber-eingang-abschaltbar\/#breadcrumb\",\"itemListElement\":[{\"@type\":\"ListItem\",\"position\":1,\"name\":\"Startseite\",\"item\":\"https:\/\/www.cockpit-concept.de\/de\/\"},{\"@type\":\"ListItem\",\"position\":2,\"name\":\"Shop\",\"item\":\"https:\/\/www.cockpit-concept.de\/de\/shop\/\"},{\"@type\":\"ListItem\",\"position\":3,\"name\":\"Dimmer, max. 5 A, max. 28 V, \u00fcber Eingang abschaltbar\"}]},{\"@type\":\"WebSite\",\"@id\":\"https:\/\/www.cockpit-concept.de\/de\/#website\",\"url\":\"https:\/\/www.cockpit-concept.de\/de\/\",\"name\":\"Cockpit Concept\",\"description\":\"Flight Simulator Electronics\",\"publisher\":{\"@id\":\"https:\/\/www.cockpit-concept.de\/de\/#organization\"},\"potentialAction\":[{\"@type\":\"SearchAction\",\"target\":{\"@type\":\"EntryPoint\",\"urlTemplate\":\"https:\/\/www.cockpit-concept.de\/de\/?s={search_term_string}\"},\"query-input\":{\"@type\":\"PropertyValueSpecification\",\"valueRequired\":true,\"valueName\":\"search_term_string\"}}],\"inLanguage\":\"de\"},{\"@type\":\"Organization\",\"@id\":\"https:\/\/www.cockpit-concept.de\/de\/#organization\",\"name\":\"Cockpit Concept\",\"url\":\"https:\/\/www.cockpit-concept.de\/de\/\",\"logo\":{\"@type\":\"ImageObject\",\"inLanguage\":\"de\",\"@id\":\"https:\/\/www.cockpit-concept.de\/de\/#\/schema\/logo\/image\/\",\"url\":\"https:\/\/www.cockpit-concept.de\/wp-content\/uploads\/2020\/12\/CockpitConcept.png\",\"contentUrl\":\"https:\/\/www.cockpit-concept.de\/wp-content\/uploads\/2020\/12\/CockpitConcept.png\",\"width\":800,\"height\":200,\"caption\":\"Cockpit Concept\"},\"image\":{\"@id\":\"https:\/\/www.cockpit-concept.de\/de\/#\/schema\/logo\/image\/\"}}]}<\/script>\n<!-- \/ Yoast SEO plugin. -->","yoast_head_json":{"title":"Dimmer, max. 5 A, max. 28 V, \u00fcber Eingang abschaltbar - Cockpit Concept","robots":{"index":"index","follow":"follow","max-snippet":"max-snippet:-1","max-image-preview":"max-image-preview:large","max-video-preview":"max-video-preview:-1"},"canonical":"https:\/\/www.cockpit-concept.de\/de\/shop\/dimmer-max-5-a-max-28-v-ueber-eingang-abschaltbar\/","og_locale":"de_DE","og_type":"article","og_title":"Dimmer, max. 5 A, max. 28 V, \u00fcber Eingang abschaltbar - Cockpit Concept","og_description":"Mit diesem Dimmer k\u00f6nnen alle Lampen (max. 28 V), die mittels Pulsweitenmodulation (PWM) gedimmt werden k\u00f6nnen, zwischen 0 und 100 % gedimmt werden (z.B. Leuchtdioden oder kleine Gl\u00fchbirnen). Die Lampen und deren Versorgungsspannung (max. 28 V) k\u00f6nnen \u00fcber zwei separate Schraubklemmen angeschlossen werden. Die Last darf 5 A nicht \u00fcberschreiten. Die Platine hat einen Eingang, [&hellip;]","og_url":"https:\/\/www.cockpit-concept.de\/de\/shop\/dimmer-max-5-a-max-28-v-ueber-eingang-abschaltbar\/","og_site_name":"Cockpit Concept","article_modified_time":"2025-10-07T11:54:03+00:00","og_image":[{"width":800,"height":640,"url":"https:\/\/www.cockpit-concept.de\/wp-content\/uploads\/2022\/02\/dimmer2_gross.jpg","type":"image\/jpeg"}],"twitter_card":"summary_large_image","twitter_misc":{"Gesch\u00e4tzte Lesezeit":"2\u00a0Minuten"},"schema":{"@context":"https:\/\/schema.org","@graph":[{"@type":"WebPage","@id":"https:\/\/www.cockpit-concept.de\/de\/shop\/dimmer-max-5-a-max-28-v-ueber-eingang-abschaltbar\/","url":"https:\/\/www.cockpit-concept.de\/de\/shop\/dimmer-max-5-a-max-28-v-ueber-eingang-abschaltbar\/","name":"Dimmer, max. 5 A, max. 28 V, \u00fcber Eingang abschaltbar - Cockpit Concept","isPartOf":{"@id":"https:\/\/www.cockpit-concept.de\/de\/#website"},"primaryImageOfPage":{"@id":"https:\/\/www.cockpit-concept.de\/de\/shop\/dimmer-max-5-a-max-28-v-ueber-eingang-abschaltbar\/#primaryimage"},"image":{"@id":"https:\/\/www.cockpit-concept.de\/de\/shop\/dimmer-max-5-a-max-28-v-ueber-eingang-abschaltbar\/#primaryimage"},"thumbnailUrl":"https:\/\/www.cockpit-concept.de\/wp-content\/uploads\/2022\/02\/dimmer2_gross.jpg","datePublished":"2022-02-08T16:23:00+00:00","dateModified":"2025-10-07T11:54:03+00:00","breadcrumb":{"@id":"https:\/\/www.cockpit-concept.de\/de\/shop\/dimmer-max-5-a-max-28-v-ueber-eingang-abschaltbar\/#breadcrumb"},"inLanguage":"de","potentialAction":[{"@type":"ReadAction","target":["https:\/\/www.cockpit-concept.de\/de\/shop\/dimmer-max-5-a-max-28-v-ueber-eingang-abschaltbar\/"]}]},{"@type":"ImageObject","inLanguage":"de","@id":"https:\/\/www.cockpit-concept.de\/de\/shop\/dimmer-max-5-a-max-28-v-ueber-eingang-abschaltbar\/#primaryimage","url":"https:\/\/www.cockpit-concept.de\/wp-content\/uploads\/2022\/02\/dimmer2_gross.jpg","contentUrl":"https:\/\/www.cockpit-concept.de\/wp-content\/uploads\/2022\/02\/dimmer2_gross.jpg","width":800,"height":640},{"@type":"BreadcrumbList","@id":"https:\/\/www.cockpit-concept.de\/de\/shop\/dimmer-max-5-a-max-28-v-ueber-eingang-abschaltbar\/#breadcrumb","itemListElement":[{"@type":"ListItem","position":1,"name":"Startseite","item":"https:\/\/www.cockpit-concept.de\/de\/"},{"@type":"ListItem","position":2,"name":"Shop","item":"https:\/\/www.cockpit-concept.de\/de\/shop\/"},{"@type":"ListItem","position":3,"name":"Dimmer, max. 5 A, max. 28 V, \u00fcber Eingang abschaltbar"}]},{"@type":"WebSite","@id":"https:\/\/www.cockpit-concept.de\/de\/#website","url":"https:\/\/www.cockpit-concept.de\/de\/","name":"Cockpit Concept","description":"Flight Simulator Electronics","publisher":{"@id":"https:\/\/www.cockpit-concept.de\/de\/#organization"},"potentialAction":[{"@type":"SearchAction","target":{"@type":"EntryPoint","urlTemplate":"https:\/\/www.cockpit-concept.de\/de\/?s={search_term_string}"},"query-input":{"@type":"PropertyValueSpecification","valueRequired":true,"valueName":"search_term_string"}}],"inLanguage":"de"},{"@type":"Organization","@id":"https:\/\/www.cockpit-concept.de\/de\/#organization","name":"Cockpit Concept","url":"https:\/\/www.cockpit-concept.de\/de\/","logo":{"@type":"ImageObject","inLanguage":"de","@id":"https:\/\/www.cockpit-concept.de\/de\/#\/schema\/logo\/image\/","url":"https:\/\/www.cockpit-concept.de\/wp-content\/uploads\/2020\/12\/CockpitConcept.png","contentUrl":"https:\/\/www.cockpit-concept.de\/wp-content\/uploads\/2020\/12\/CockpitConcept.png","width":800,"height":200,"caption":"Cockpit Concept"},"image":{"@id":"https:\/\/www.cockpit-concept.de\/de\/#\/schema\/logo\/image\/"}}]}},"_links":{"self":[{"href":"https:\/\/www.cockpit-concept.de\/de\/wp-json\/wp\/v2\/product\/2269","targetHints":{"allow":["GET"]}}],"collection":[{"href":"https:\/\/www.cockpit-concept.de\/de\/wp-json\/wp\/v2\/product"}],"about":[{"href":"https:\/\/www.cockpit-concept.de\/de\/wp-json\/wp\/v2\/types\/product"}],"replies":[{"embeddable":true,"href":"https:\/\/www.cockpit-concept.de\/de\/wp-json\/wp\/v2\/comments?post=2269"}],"wp:featuredmedia":[{"embeddable":true,"href":"https:\/\/www.cockpit-concept.de\/de\/wp-json\/wp\/v2\/media\/2270"}],"wp:attachment":[{"href":"https:\/\/www.cockpit-concept.de\/de\/wp-json\/wp\/v2\/media?parent=2269"}],"wp:term":[{"taxonomy":"product_brand","embeddable":true,"href":"https:\/\/www.cockpit-concept.de\/de\/wp-json\/wp\/v2\/product_brand?post=2269"},{"taxonomy":"product_cat","embeddable":true,"href":"https:\/\/www.cockpit-concept.de\/de\/wp-json\/wp\/v2\/product_cat?post=2269"},{"taxonomy":"product_tag","embeddable":true,"href":"https:\/\/www.cockpit-concept.de\/de\/wp-json\/wp\/v2\/product_tag?post=2269"}],"curies":[{"name":"wp","href":"https:\/\/api.w.org\/{rel}","templated":true}]}}