{"id":2285,"date":"2022-02-08T18:41:09","date_gmt":"2022-02-08T17:41:09","guid":{"rendered":"https:\/\/www.cockpit-concept.de\/?post_type=product&#038;p=2285"},"modified":"2025-09-23T10:43:32","modified_gmt":"2025-09-23T08:43:32","slug":"output-board-sink-type-lan","status":"publish","type":"product","link":"https:\/\/www.cockpit-concept.de\/de\/shop\/output-board-sink-type-lan\/","title":{"rendered":"Output Board, Sink Type, LAN"},"content":{"rendered":"<p>Diese Platine erm\u00f6glicht es, originale Signalgeber (z.B. Gl\u00fchlampen) per LAN an den Flugsimulator anzuschlie\u00dfen. Plug and Play mit JeeHell, ProSim (A320 und 737) und X-Plane. Das besondere an der Platine ist, dass wirklich f\u00fcr jeden der 64 Ausg\u00e4nge 220 mA sichergestellt sind. Selbst bei Volllast (alle Ausg\u00e4nge aktiv) f\u00e4llt die Spannung kaum ab, sodass auch ein Lichttest m\u00f6glich ist. Vergleichbare Produkte werben mit 500 mA pro Ausgang. Die veralteten Chips schaffen es aber nie, selbst 220 mA ohne nennenswerten Spannungsabfall zu treiben. Das Ergebnis ist oftmals, dass die Lampen kaum noch leuchten, wenn alle Ausg\u00e4nge aktiv sind. Diese Platine wurde speziell f\u00fcr die Ansteuerung originaler 220 mA Signalgeber entwickelt und setzt moderne Chips als Treiber ein.<\/p>\n<p>Die Platine besitzt 64 Sink-type Ausg\u00e4nge. Schlie\u00dfen Sie die Versorgungsspannung (z.B. 5 V oder 28 V) an einen Pin der Gl\u00fchlampe an. Der zweite Pin der Lampe wird an die Platine angeschlossen. Die Platine schaltet den Strom gegen Masse. Die Treiber besitzen Schutzdioden, sodass auch induktive Lasten geschaltet werden k\u00f6nnen. Verbinden Sie bei induktiven Lasten den COM Pin mit der positiven Spannungsversorgung (max. 50 V).<\/p>\n<p><b><font color=\"FF0000\">Bis zu 220 mA pro Ausgang (14 A Gesamtlast)<\/font><\/b><\/p>\n<p><b><font color=\"FF0000\">Es wird eine externe 5 Volt Stromversorgung ben\u00f6tigt.<\/font><\/b><\/p>\n","protected":false},"excerpt":{"rendered":"<p>Diese Platine erm\u00f6glicht es, originale Signalgeber (z.B. Gl\u00fchlampen) per LAN an den Flugsimulator anzuschlie\u00dfen. Plug and Play mit JeeHell, ProSim (A320 und 737) und X-Plane. Das besondere an der Platine ist, dass wirklich f\u00fcr jeden der 64 Ausg\u00e4nge 220 mA sichergestellt sind. Selbst bei Volllast (alle Ausg\u00e4nge aktiv) f\u00e4llt die Spannung kaum ab, sodass auch [&hellip;]<\/p>\n","protected":false},"featured_media":2456,"comment_status":"open","ping_status":"closed","template":"","meta":[],"product_brand":[],"product_cat":[125],"product_tag":[194,170,184,195,169,193,191,185,192,187,186],"class_list":{"0":"post-2285","1":"product","2":"type-product","3":"status-publish","4":"has-post-thumbnail","6":"product_cat-input-output-de","7":"product_tag-bulb","8":"product_tag-ethernet","9":"product_tag-jeehell","10":"product_tag-korry","11":"product_tag-lan","12":"product_tag-led","13":"product_tag-output","14":"product_tag-prosim","15":"product_tag-sink","16":"product_tag-x-plane","17":"product_tag-xplane","19":"first","20":"instock","21":"featured","22":"taxable","23":"shipping-taxable","24":"purchasable","25":"product-type-simple"},"yoast_head":"<!-- This site is optimized with the Yoast SEO plugin v25.7 - https:\/\/yoast.com\/wordpress\/plugins\/seo\/ -->\n<title>Output Board, Sink Type, LAN - Cockpit Concept<\/title>\n<meta name=\"robots\" content=\"index, follow, max-snippet:-1, max-image-preview:large, max-video-preview:-1\" \/>\n<link rel=\"canonical\" href=\"https:\/\/www.cockpit-concept.de\/de\/shop\/output-board-sink-type-lan\/\" \/>\n<meta property=\"og:locale\" content=\"de_DE\" \/>\n<meta property=\"og:type\" content=\"article\" \/>\n<meta property=\"og:title\" content=\"Output Board, Sink Type, LAN - Cockpit Concept\" \/>\n<meta property=\"og:description\" content=\"Diese Platine erm\u00f6glicht es, originale Signalgeber (z.B. Gl\u00fchlampen) per LAN an den Flugsimulator anzuschlie\u00dfen. Plug and Play mit JeeHell, ProSim (A320 und 737) und X-Plane. Das besondere an der Platine ist, dass wirklich f\u00fcr jeden der 64 Ausg\u00e4nge 220 mA sichergestellt sind. Selbst bei Volllast (alle Ausg\u00e4nge aktiv) f\u00e4llt die Spannung kaum ab, sodass auch [&hellip;]\" \/>\n<meta property=\"og:url\" content=\"https:\/\/www.cockpit-concept.de\/de\/shop\/output-board-sink-type-lan\/\" \/>\n<meta property=\"og:site_name\" content=\"Cockpit Concept\" \/>\n<meta property=\"article:modified_time\" content=\"2025-09-23T08:43:32+00:00\" \/>\n<meta property=\"og:image\" content=\"https:\/\/www.cockpit-concept.de\/wp-content\/uploads\/2022\/02\/outputboard_sink1.jpg\" \/>\n\t<meta property=\"og:image:width\" content=\"800\" \/>\n\t<meta property=\"og:image:height\" content=\"640\" \/>\n\t<meta property=\"og:image:type\" content=\"image\/jpeg\" \/>\n<meta name=\"twitter:card\" content=\"summary_large_image\" \/>\n<meta name=\"twitter:label1\" content=\"Gesch\u00e4tzte Lesezeit\" \/>\n\t<meta name=\"twitter:data1\" content=\"2\u00a0Minuten\" \/>\n<script type=\"application\/ld+json\" class=\"yoast-schema-graph\">{\"@context\":\"https:\/\/schema.org\",\"@graph\":[{\"@type\":\"WebPage\",\"@id\":\"https:\/\/www.cockpit-concept.de\/de\/shop\/output-board-sink-type-lan\/\",\"url\":\"https:\/\/www.cockpit-concept.de\/de\/shop\/output-board-sink-type-lan\/\",\"name\":\"Output Board, Sink Type, LAN - Cockpit Concept\",\"isPartOf\":{\"@id\":\"https:\/\/www.cockpit-concept.de\/de\/#website\"},\"primaryImageOfPage\":{\"@id\":\"https:\/\/www.cockpit-concept.de\/de\/shop\/output-board-sink-type-lan\/#primaryimage\"},\"image\":{\"@id\":\"https:\/\/www.cockpit-concept.de\/de\/shop\/output-board-sink-type-lan\/#primaryimage\"},\"thumbnailUrl\":\"https:\/\/www.cockpit-concept.de\/wp-content\/uploads\/2022\/02\/outputboard_sink1.jpg\",\"datePublished\":\"2022-02-08T17:41:09+00:00\",\"dateModified\":\"2025-09-23T08:43:32+00:00\",\"breadcrumb\":{\"@id\":\"https:\/\/www.cockpit-concept.de\/de\/shop\/output-board-sink-type-lan\/#breadcrumb\"},\"inLanguage\":\"de\",\"potentialAction\":[{\"@type\":\"ReadAction\",\"target\":[\"https:\/\/www.cockpit-concept.de\/de\/shop\/output-board-sink-type-lan\/\"]}]},{\"@type\":\"ImageObject\",\"inLanguage\":\"de\",\"@id\":\"https:\/\/www.cockpit-concept.de\/de\/shop\/output-board-sink-type-lan\/#primaryimage\",\"url\":\"https:\/\/www.cockpit-concept.de\/wp-content\/uploads\/2022\/02\/outputboard_sink1.jpg\",\"contentUrl\":\"https:\/\/www.cockpit-concept.de\/wp-content\/uploads\/2022\/02\/outputboard_sink1.jpg\",\"width\":800,\"height\":640},{\"@type\":\"BreadcrumbList\",\"@id\":\"https:\/\/www.cockpit-concept.de\/de\/shop\/output-board-sink-type-lan\/#breadcrumb\",\"itemListElement\":[{\"@type\":\"ListItem\",\"position\":1,\"name\":\"Startseite\",\"item\":\"https:\/\/www.cockpit-concept.de\/de\/\"},{\"@type\":\"ListItem\",\"position\":2,\"name\":\"Shop\",\"item\":\"https:\/\/www.cockpit-concept.de\/de\/shop\/\"},{\"@type\":\"ListItem\",\"position\":3,\"name\":\"Output Board, Sink Type, LAN\"}]},{\"@type\":\"WebSite\",\"@id\":\"https:\/\/www.cockpit-concept.de\/de\/#website\",\"url\":\"https:\/\/www.cockpit-concept.de\/de\/\",\"name\":\"Cockpit Concept\",\"description\":\"Flight Simulator Electronics\",\"publisher\":{\"@id\":\"https:\/\/www.cockpit-concept.de\/de\/#organization\"},\"potentialAction\":[{\"@type\":\"SearchAction\",\"target\":{\"@type\":\"EntryPoint\",\"urlTemplate\":\"https:\/\/www.cockpit-concept.de\/de\/?s={search_term_string}\"},\"query-input\":{\"@type\":\"PropertyValueSpecification\",\"valueRequired\":true,\"valueName\":\"search_term_string\"}}],\"inLanguage\":\"de\"},{\"@type\":\"Organization\",\"@id\":\"https:\/\/www.cockpit-concept.de\/de\/#organization\",\"name\":\"Cockpit Concept\",\"url\":\"https:\/\/www.cockpit-concept.de\/de\/\",\"logo\":{\"@type\":\"ImageObject\",\"inLanguage\":\"de\",\"@id\":\"https:\/\/www.cockpit-concept.de\/de\/#\/schema\/logo\/image\/\",\"url\":\"https:\/\/www.cockpit-concept.de\/wp-content\/uploads\/2020\/12\/CockpitConcept.png\",\"contentUrl\":\"https:\/\/www.cockpit-concept.de\/wp-content\/uploads\/2020\/12\/CockpitConcept.png\",\"width\":800,\"height\":200,\"caption\":\"Cockpit Concept\"},\"image\":{\"@id\":\"https:\/\/www.cockpit-concept.de\/de\/#\/schema\/logo\/image\/\"}}]}<\/script>\n<!-- \/ Yoast SEO plugin. -->","yoast_head_json":{"title":"Output Board, Sink Type, LAN - Cockpit Concept","robots":{"index":"index","follow":"follow","max-snippet":"max-snippet:-1","max-image-preview":"max-image-preview:large","max-video-preview":"max-video-preview:-1"},"canonical":"https:\/\/www.cockpit-concept.de\/de\/shop\/output-board-sink-type-lan\/","og_locale":"de_DE","og_type":"article","og_title":"Output Board, Sink Type, LAN - Cockpit Concept","og_description":"Diese Platine erm\u00f6glicht es, originale Signalgeber (z.B. Gl\u00fchlampen) per LAN an den Flugsimulator anzuschlie\u00dfen. Plug and Play mit JeeHell, ProSim (A320 und 737) und X-Plane. Das besondere an der Platine ist, dass wirklich f\u00fcr jeden der 64 Ausg\u00e4nge 220 mA sichergestellt sind. Selbst bei Volllast (alle Ausg\u00e4nge aktiv) f\u00e4llt die Spannung kaum ab, sodass auch [&hellip;]","og_url":"https:\/\/www.cockpit-concept.de\/de\/shop\/output-board-sink-type-lan\/","og_site_name":"Cockpit Concept","article_modified_time":"2025-09-23T08:43:32+00:00","og_image":[{"width":800,"height":640,"url":"https:\/\/www.cockpit-concept.de\/wp-content\/uploads\/2022\/02\/outputboard_sink1.jpg","type":"image\/jpeg"}],"twitter_card":"summary_large_image","twitter_misc":{"Gesch\u00e4tzte Lesezeit":"2\u00a0Minuten"},"schema":{"@context":"https:\/\/schema.org","@graph":[{"@type":"WebPage","@id":"https:\/\/www.cockpit-concept.de\/de\/shop\/output-board-sink-type-lan\/","url":"https:\/\/www.cockpit-concept.de\/de\/shop\/output-board-sink-type-lan\/","name":"Output Board, Sink Type, LAN - Cockpit Concept","isPartOf":{"@id":"https:\/\/www.cockpit-concept.de\/de\/#website"},"primaryImageOfPage":{"@id":"https:\/\/www.cockpit-concept.de\/de\/shop\/output-board-sink-type-lan\/#primaryimage"},"image":{"@id":"https:\/\/www.cockpit-concept.de\/de\/shop\/output-board-sink-type-lan\/#primaryimage"},"thumbnailUrl":"https:\/\/www.cockpit-concept.de\/wp-content\/uploads\/2022\/02\/outputboard_sink1.jpg","datePublished":"2022-02-08T17:41:09+00:00","dateModified":"2025-09-23T08:43:32+00:00","breadcrumb":{"@id":"https:\/\/www.cockpit-concept.de\/de\/shop\/output-board-sink-type-lan\/#breadcrumb"},"inLanguage":"de","potentialAction":[{"@type":"ReadAction","target":["https:\/\/www.cockpit-concept.de\/de\/shop\/output-board-sink-type-lan\/"]}]},{"@type":"ImageObject","inLanguage":"de","@id":"https:\/\/www.cockpit-concept.de\/de\/shop\/output-board-sink-type-lan\/#primaryimage","url":"https:\/\/www.cockpit-concept.de\/wp-content\/uploads\/2022\/02\/outputboard_sink1.jpg","contentUrl":"https:\/\/www.cockpit-concept.de\/wp-content\/uploads\/2022\/02\/outputboard_sink1.jpg","width":800,"height":640},{"@type":"BreadcrumbList","@id":"https:\/\/www.cockpit-concept.de\/de\/shop\/output-board-sink-type-lan\/#breadcrumb","itemListElement":[{"@type":"ListItem","position":1,"name":"Startseite","item":"https:\/\/www.cockpit-concept.de\/de\/"},{"@type":"ListItem","position":2,"name":"Shop","item":"https:\/\/www.cockpit-concept.de\/de\/shop\/"},{"@type":"ListItem","position":3,"name":"Output Board, Sink Type, LAN"}]},{"@type":"WebSite","@id":"https:\/\/www.cockpit-concept.de\/de\/#website","url":"https:\/\/www.cockpit-concept.de\/de\/","name":"Cockpit Concept","description":"Flight Simulator Electronics","publisher":{"@id":"https:\/\/www.cockpit-concept.de\/de\/#organization"},"potentialAction":[{"@type":"SearchAction","target":{"@type":"EntryPoint","urlTemplate":"https:\/\/www.cockpit-concept.de\/de\/?s={search_term_string}"},"query-input":{"@type":"PropertyValueSpecification","valueRequired":true,"valueName":"search_term_string"}}],"inLanguage":"de"},{"@type":"Organization","@id":"https:\/\/www.cockpit-concept.de\/de\/#organization","name":"Cockpit Concept","url":"https:\/\/www.cockpit-concept.de\/de\/","logo":{"@type":"ImageObject","inLanguage":"de","@id":"https:\/\/www.cockpit-concept.de\/de\/#\/schema\/logo\/image\/","url":"https:\/\/www.cockpit-concept.de\/wp-content\/uploads\/2020\/12\/CockpitConcept.png","contentUrl":"https:\/\/www.cockpit-concept.de\/wp-content\/uploads\/2020\/12\/CockpitConcept.png","width":800,"height":200,"caption":"Cockpit Concept"},"image":{"@id":"https:\/\/www.cockpit-concept.de\/de\/#\/schema\/logo\/image\/"}}]}},"_links":{"self":[{"href":"https:\/\/www.cockpit-concept.de\/de\/wp-json\/wp\/v2\/product\/2285","targetHints":{"allow":["GET"]}}],"collection":[{"href":"https:\/\/www.cockpit-concept.de\/de\/wp-json\/wp\/v2\/product"}],"about":[{"href":"https:\/\/www.cockpit-concept.de\/de\/wp-json\/wp\/v2\/types\/product"}],"replies":[{"embeddable":true,"href":"https:\/\/www.cockpit-concept.de\/de\/wp-json\/wp\/v2\/comments?post=2285"}],"wp:featuredmedia":[{"embeddable":true,"href":"https:\/\/www.cockpit-concept.de\/de\/wp-json\/wp\/v2\/media\/2456"}],"wp:attachment":[{"href":"https:\/\/www.cockpit-concept.de\/de\/wp-json\/wp\/v2\/media?parent=2285"}],"wp:term":[{"taxonomy":"product_brand","embeddable":true,"href":"https:\/\/www.cockpit-concept.de\/de\/wp-json\/wp\/v2\/product_brand?post=2285"},{"taxonomy":"product_cat","embeddable":true,"href":"https:\/\/www.cockpit-concept.de\/de\/wp-json\/wp\/v2\/product_cat?post=2285"},{"taxonomy":"product_tag","embeddable":true,"href":"https:\/\/www.cockpit-concept.de\/de\/wp-json\/wp\/v2\/product_tag?post=2285"}],"curies":[{"name":"wp","href":"https:\/\/api.w.org\/{rel}","templated":true}]}}