{"id":2300,"date":"2022-02-10T16:29:48","date_gmt":"2022-02-10T15:29:48","guid":{"rendered":"https:\/\/www.cockpit-concept.de\/?post_type=product&#038;p=2300"},"modified":"2024-07-29T13:01:04","modified_gmt":"2024-07-29T11:01:04","slug":"schrittmotor-platine-2-lan-12-anschluesse","status":"publish","type":"product","link":"https:\/\/www.cockpit-concept.de\/de\/shop\/schrittmotor-platine-2-lan-12-anschluesse\/","title":{"rendered":"Schrittmotor-Platine 2, LAN, 12 Anschl\u00fcsse"},"content":{"rendered":"<p>Ansteuerungsplatine f\u00fcr Schrittmotoren, Treiber sind frei w\u00e4hlbar.<\/p>\n<p>In Anlehnung an die Schrittmotor-Platine f\u00fcr Dashboard-Stepper, k\u00f6nnen mit dieser Platine weitaus st\u00e4rkere Motoren angesteuert werden. Die Sockel f\u00fcr die Treiber sind mit Pololu A4988 und Pololu DRV8825 Treibern kompatibel. F\u00fcr jeden Treiber kann \u00fcber einen DIP-Schalter die Microstepping Konfiguration ausgew\u00e4hlt werden.<br \/>\nAndere Treiber k\u00f6nnen auch verwendet werden, solange sie mit dem Pin-Layout kompatibel sind. Anschlussbeispiele befinden sich hier:<br \/>\n<a href=\"https:\/\/www.pololu.com\/product\/1182\" target=\"_blank\" rel=\"noopener\">https:\/\/www.pololu.com\/product\/1182<\/a><br \/>\n<a href=\"https:\/\/www.pololu.com\/product\/2133\" target=\"_blank\" rel=\"noopener\">https:\/\/www.pololu.com\/product\/2133<\/a><\/p>\n<p>Pro Platine stehen 12 Anschl\u00fcsse f\u00fcr Schrittmotoren zur Verf\u00fcgung (4-polig). Zudem stehen f\u00fcr jeden Motor 3 Anschl\u00fcsse f\u00fcr z.B. eine Lichtschranke zur Verf\u00fcgung (5V, GND, TTL Signal). Sofern es der Motor und die Bauart zulassen, k\u00f6nnen die Motoren zur Initialisierung auch gegen den Endanschlag gefahren werden. Details entnehmen Sie bitte dem Datenblatt des Schrittmotors.<\/p>\n<p>Die Platine wird \u00fcber LAN angeschlossen und ben\u00f6tigt f\u00fcr die Elektronik 5 V zur Versorgung, als auch eine eigene Motorspannung (abh\u00e4ngig von den Motoren und Treibern). Der maximal zul\u00e4ssige Gesamtstrom der Motorenversorgung betr\u00e4gt 6,5 A.<\/p>\n<p>Die Schrittmotoren k\u00f6nnen individuell mittels der Software Cockpit Connect konfiguriert werden. Dabei kann generell zwischen einer Initialisierung mittels Lichtschranke (Endlosdrehung) und einer mittels fahren gegen den Endanschlag ausgew\u00e4hlt werden.<\/p>\n<p>Die Daten zur Position werden zurzeit von FSUIPC und SIOC \u00fcber das IOCP Protokoll akzeptiert. Die empfangenen Daten werden \u00fcber eine Wertetabelle zu dem jeweiligen Schrittmotor geschickt. Die Wertetabelle erm\u00f6glicht eine individuelle Konfiguration jedes Schrittmotors bei ungleichm\u00e4\u00dfig eingeteilten Skalen. Das Anlegen der Wertetabelle erfolgt bequem per Maus oder Tastatur, indem der Wert solange ver\u00e4ndert wird, bis sich der Zeiger in der gew\u00fcnschten Stellung befindet. Eine nervige Umrechnung der Skala bleibt dadurch aus.<\/p>\n<p>Zus\u00e4tzlich kann f\u00fcr jeden Motor eine Zeitkonstante eingestellt werden, mit der ein tr\u00e4ges Verhalten des Instruments imitiert werden kann. Die Motoren sind in 3 Gruppen unterteilt, jede Gruppe beinhaltet 4 Anschl\u00fcsse. F\u00fcr jede Gruppe kann die Geschwindigkeit der Motoren separat eingestellt werden.<\/p>\n<p>Der Anschluss von mehreren Platinen pro PC ist m\u00f6glich.<\/p>\n<p><b><font color=\"FF0000\">Es wird eine externe 5 Volt Stromversorgung ben\u00f6tigt, sowie eine weitere Stromversorgung f\u00fcr die Motoren.<\/font><\/b><\/p>\n","protected":false},"excerpt":{"rendered":"<p>Ansteuerungsplatine f\u00fcr Schrittmotoren, Treiber sind frei w\u00e4hlbar. In Anlehnung an die Schrittmotor-Platine f\u00fcr Dashboard-Stepper, k\u00f6nnen mit dieser Platine weitaus st\u00e4rkere Motoren angesteuert werden. Die Sockel f\u00fcr die Treiber sind mit Pololu A4988 und Pololu DRV8825 Treibern kompatibel. F\u00fcr jeden Treiber kann \u00fcber einen DIP-Schalter die Microstepping Konfiguration ausgew\u00e4hlt werden. Andere Treiber k\u00f6nnen auch verwendet werden, [&hellip;]<\/p>\n","protected":false},"featured_media":2301,"comment_status":"open","ping_status":"closed","template":"","meta":[],"product_brand":[],"product_cat":[126],"product_tag":[170,169,199],"class_list":{"0":"post-2300","1":"product","2":"type-product","3":"status-publish","4":"has-post-thumbnail","6":"product_cat-schrittmotoren","7":"product_tag-ethernet","8":"product_tag-lan","9":"product_tag-stepper","11":"first","12":"instock","13":"taxable","14":"shipping-taxable","15":"purchasable","16":"product-type-simple"},"yoast_head":"<!-- This site is optimized with the Yoast SEO plugin v25.7 - https:\/\/yoast.com\/wordpress\/plugins\/seo\/ -->\n<title>Schrittmotor-Platine 2, LAN, 12 Anschl\u00fcsse - Cockpit Concept<\/title>\n<meta name=\"robots\" content=\"index, follow, max-snippet:-1, max-image-preview:large, max-video-preview:-1\" \/>\n<link rel=\"canonical\" href=\"https:\/\/www.cockpit-concept.de\/de\/shop\/schrittmotor-platine-2-lan-12-anschluesse\/\" \/>\n<meta property=\"og:locale\" content=\"de_DE\" \/>\n<meta property=\"og:type\" content=\"article\" \/>\n<meta property=\"og:title\" content=\"Schrittmotor-Platine 2, LAN, 12 Anschl\u00fcsse - Cockpit Concept\" \/>\n<meta property=\"og:description\" content=\"Ansteuerungsplatine f\u00fcr Schrittmotoren, Treiber sind frei w\u00e4hlbar. In Anlehnung an die Schrittmotor-Platine f\u00fcr Dashboard-Stepper, k\u00f6nnen mit dieser Platine weitaus st\u00e4rkere Motoren angesteuert werden. Die Sockel f\u00fcr die Treiber sind mit Pololu A4988 und Pololu DRV8825 Treibern kompatibel. F\u00fcr jeden Treiber kann \u00fcber einen DIP-Schalter die Microstepping Konfiguration ausgew\u00e4hlt werden. Andere Treiber k\u00f6nnen auch verwendet werden, [&hellip;]\" \/>\n<meta property=\"og:url\" content=\"https:\/\/www.cockpit-concept.de\/de\/shop\/schrittmotor-platine-2-lan-12-anschluesse\/\" \/>\n<meta property=\"og:site_name\" content=\"Cockpit Concept\" \/>\n<meta property=\"article:modified_time\" content=\"2024-07-29T11:01:04+00:00\" \/>\n<meta property=\"og:image\" content=\"https:\/\/www.cockpit-concept.de\/wp-content\/uploads\/2022\/02\/stepper_board_2_1.jpg\" \/>\n\t<meta property=\"og:image:width\" content=\"800\" \/>\n\t<meta property=\"og:image:height\" content=\"640\" \/>\n\t<meta property=\"og:image:type\" content=\"image\/jpeg\" \/>\n<meta name=\"twitter:card\" content=\"summary_large_image\" \/>\n<meta name=\"twitter:label1\" content=\"Gesch\u00e4tzte Lesezeit\" \/>\n\t<meta name=\"twitter:data1\" content=\"3\u00a0Minuten\" \/>\n<script type=\"application\/ld+json\" class=\"yoast-schema-graph\">{\"@context\":\"https:\/\/schema.org\",\"@graph\":[{\"@type\":\"WebPage\",\"@id\":\"https:\/\/www.cockpit-concept.de\/de\/shop\/schrittmotor-platine-2-lan-12-anschluesse\/\",\"url\":\"https:\/\/www.cockpit-concept.de\/de\/shop\/schrittmotor-platine-2-lan-12-anschluesse\/\",\"name\":\"Schrittmotor-Platine 2, LAN, 12 Anschl\u00fcsse - Cockpit Concept\",\"isPartOf\":{\"@id\":\"https:\/\/www.cockpit-concept.de\/de\/#website\"},\"primaryImageOfPage\":{\"@id\":\"https:\/\/www.cockpit-concept.de\/de\/shop\/schrittmotor-platine-2-lan-12-anschluesse\/#primaryimage\"},\"image\":{\"@id\":\"https:\/\/www.cockpit-concept.de\/de\/shop\/schrittmotor-platine-2-lan-12-anschluesse\/#primaryimage\"},\"thumbnailUrl\":\"https:\/\/www.cockpit-concept.de\/wp-content\/uploads\/2022\/02\/stepper_board_2_1.jpg\",\"datePublished\":\"2022-02-10T15:29:48+00:00\",\"dateModified\":\"2024-07-29T11:01:04+00:00\",\"breadcrumb\":{\"@id\":\"https:\/\/www.cockpit-concept.de\/de\/shop\/schrittmotor-platine-2-lan-12-anschluesse\/#breadcrumb\"},\"inLanguage\":\"de\",\"potentialAction\":[{\"@type\":\"ReadAction\",\"target\":[\"https:\/\/www.cockpit-concept.de\/de\/shop\/schrittmotor-platine-2-lan-12-anschluesse\/\"]}]},{\"@type\":\"ImageObject\",\"inLanguage\":\"de\",\"@id\":\"https:\/\/www.cockpit-concept.de\/de\/shop\/schrittmotor-platine-2-lan-12-anschluesse\/#primaryimage\",\"url\":\"https:\/\/www.cockpit-concept.de\/wp-content\/uploads\/2022\/02\/stepper_board_2_1.jpg\",\"contentUrl\":\"https:\/\/www.cockpit-concept.de\/wp-content\/uploads\/2022\/02\/stepper_board_2_1.jpg\",\"width\":800,\"height\":640},{\"@type\":\"BreadcrumbList\",\"@id\":\"https:\/\/www.cockpit-concept.de\/de\/shop\/schrittmotor-platine-2-lan-12-anschluesse\/#breadcrumb\",\"itemListElement\":[{\"@type\":\"ListItem\",\"position\":1,\"name\":\"Startseite\",\"item\":\"https:\/\/www.cockpit-concept.de\/de\/\"},{\"@type\":\"ListItem\",\"position\":2,\"name\":\"Shop\",\"item\":\"https:\/\/www.cockpit-concept.de\/de\/shop\/\"},{\"@type\":\"ListItem\",\"position\":3,\"name\":\"Schrittmotor-Platine 2, LAN, 12 Anschl\u00fcsse\"}]},{\"@type\":\"WebSite\",\"@id\":\"https:\/\/www.cockpit-concept.de\/de\/#website\",\"url\":\"https:\/\/www.cockpit-concept.de\/de\/\",\"name\":\"Cockpit Concept\",\"description\":\"Flight Simulator Electronics\",\"publisher\":{\"@id\":\"https:\/\/www.cockpit-concept.de\/de\/#organization\"},\"potentialAction\":[{\"@type\":\"SearchAction\",\"target\":{\"@type\":\"EntryPoint\",\"urlTemplate\":\"https:\/\/www.cockpit-concept.de\/de\/?s={search_term_string}\"},\"query-input\":{\"@type\":\"PropertyValueSpecification\",\"valueRequired\":true,\"valueName\":\"search_term_string\"}}],\"inLanguage\":\"de\"},{\"@type\":\"Organization\",\"@id\":\"https:\/\/www.cockpit-concept.de\/de\/#organization\",\"name\":\"Cockpit Concept\",\"url\":\"https:\/\/www.cockpit-concept.de\/de\/\",\"logo\":{\"@type\":\"ImageObject\",\"inLanguage\":\"de\",\"@id\":\"https:\/\/www.cockpit-concept.de\/de\/#\/schema\/logo\/image\/\",\"url\":\"https:\/\/www.cockpit-concept.de\/wp-content\/uploads\/2020\/12\/CockpitConcept.png\",\"contentUrl\":\"https:\/\/www.cockpit-concept.de\/wp-content\/uploads\/2020\/12\/CockpitConcept.png\",\"width\":800,\"height\":200,\"caption\":\"Cockpit Concept\"},\"image\":{\"@id\":\"https:\/\/www.cockpit-concept.de\/de\/#\/schema\/logo\/image\/\"}}]}<\/script>\n<!-- \/ Yoast SEO plugin. -->","yoast_head_json":{"title":"Schrittmotor-Platine 2, LAN, 12 Anschl\u00fcsse - Cockpit Concept","robots":{"index":"index","follow":"follow","max-snippet":"max-snippet:-1","max-image-preview":"max-image-preview:large","max-video-preview":"max-video-preview:-1"},"canonical":"https:\/\/www.cockpit-concept.de\/de\/shop\/schrittmotor-platine-2-lan-12-anschluesse\/","og_locale":"de_DE","og_type":"article","og_title":"Schrittmotor-Platine 2, LAN, 12 Anschl\u00fcsse - Cockpit Concept","og_description":"Ansteuerungsplatine f\u00fcr Schrittmotoren, Treiber sind frei w\u00e4hlbar. In Anlehnung an die Schrittmotor-Platine f\u00fcr Dashboard-Stepper, k\u00f6nnen mit dieser Platine weitaus st\u00e4rkere Motoren angesteuert werden. Die Sockel f\u00fcr die Treiber sind mit Pololu A4988 und Pololu DRV8825 Treibern kompatibel. F\u00fcr jeden Treiber kann \u00fcber einen DIP-Schalter die Microstepping Konfiguration ausgew\u00e4hlt werden. Andere Treiber k\u00f6nnen auch verwendet werden, [&hellip;]","og_url":"https:\/\/www.cockpit-concept.de\/de\/shop\/schrittmotor-platine-2-lan-12-anschluesse\/","og_site_name":"Cockpit Concept","article_modified_time":"2024-07-29T11:01:04+00:00","og_image":[{"width":800,"height":640,"url":"https:\/\/www.cockpit-concept.de\/wp-content\/uploads\/2022\/02\/stepper_board_2_1.jpg","type":"image\/jpeg"}],"twitter_card":"summary_large_image","twitter_misc":{"Gesch\u00e4tzte Lesezeit":"3\u00a0Minuten"},"schema":{"@context":"https:\/\/schema.org","@graph":[{"@type":"WebPage","@id":"https:\/\/www.cockpit-concept.de\/de\/shop\/schrittmotor-platine-2-lan-12-anschluesse\/","url":"https:\/\/www.cockpit-concept.de\/de\/shop\/schrittmotor-platine-2-lan-12-anschluesse\/","name":"Schrittmotor-Platine 2, LAN, 12 Anschl\u00fcsse - Cockpit Concept","isPartOf":{"@id":"https:\/\/www.cockpit-concept.de\/de\/#website"},"primaryImageOfPage":{"@id":"https:\/\/www.cockpit-concept.de\/de\/shop\/schrittmotor-platine-2-lan-12-anschluesse\/#primaryimage"},"image":{"@id":"https:\/\/www.cockpit-concept.de\/de\/shop\/schrittmotor-platine-2-lan-12-anschluesse\/#primaryimage"},"thumbnailUrl":"https:\/\/www.cockpit-concept.de\/wp-content\/uploads\/2022\/02\/stepper_board_2_1.jpg","datePublished":"2022-02-10T15:29:48+00:00","dateModified":"2024-07-29T11:01:04+00:00","breadcrumb":{"@id":"https:\/\/www.cockpit-concept.de\/de\/shop\/schrittmotor-platine-2-lan-12-anschluesse\/#breadcrumb"},"inLanguage":"de","potentialAction":[{"@type":"ReadAction","target":["https:\/\/www.cockpit-concept.de\/de\/shop\/schrittmotor-platine-2-lan-12-anschluesse\/"]}]},{"@type":"ImageObject","inLanguage":"de","@id":"https:\/\/www.cockpit-concept.de\/de\/shop\/schrittmotor-platine-2-lan-12-anschluesse\/#primaryimage","url":"https:\/\/www.cockpit-concept.de\/wp-content\/uploads\/2022\/02\/stepper_board_2_1.jpg","contentUrl":"https:\/\/www.cockpit-concept.de\/wp-content\/uploads\/2022\/02\/stepper_board_2_1.jpg","width":800,"height":640},{"@type":"BreadcrumbList","@id":"https:\/\/www.cockpit-concept.de\/de\/shop\/schrittmotor-platine-2-lan-12-anschluesse\/#breadcrumb","itemListElement":[{"@type":"ListItem","position":1,"name":"Startseite","item":"https:\/\/www.cockpit-concept.de\/de\/"},{"@type":"ListItem","position":2,"name":"Shop","item":"https:\/\/www.cockpit-concept.de\/de\/shop\/"},{"@type":"ListItem","position":3,"name":"Schrittmotor-Platine 2, LAN, 12 Anschl\u00fcsse"}]},{"@type":"WebSite","@id":"https:\/\/www.cockpit-concept.de\/de\/#website","url":"https:\/\/www.cockpit-concept.de\/de\/","name":"Cockpit Concept","description":"Flight Simulator Electronics","publisher":{"@id":"https:\/\/www.cockpit-concept.de\/de\/#organization"},"potentialAction":[{"@type":"SearchAction","target":{"@type":"EntryPoint","urlTemplate":"https:\/\/www.cockpit-concept.de\/de\/?s={search_term_string}"},"query-input":{"@type":"PropertyValueSpecification","valueRequired":true,"valueName":"search_term_string"}}],"inLanguage":"de"},{"@type":"Organization","@id":"https:\/\/www.cockpit-concept.de\/de\/#organization","name":"Cockpit Concept","url":"https:\/\/www.cockpit-concept.de\/de\/","logo":{"@type":"ImageObject","inLanguage":"de","@id":"https:\/\/www.cockpit-concept.de\/de\/#\/schema\/logo\/image\/","url":"https:\/\/www.cockpit-concept.de\/wp-content\/uploads\/2020\/12\/CockpitConcept.png","contentUrl":"https:\/\/www.cockpit-concept.de\/wp-content\/uploads\/2020\/12\/CockpitConcept.png","width":800,"height":200,"caption":"Cockpit Concept"},"image":{"@id":"https:\/\/www.cockpit-concept.de\/de\/#\/schema\/logo\/image\/"}}]}},"_links":{"self":[{"href":"https:\/\/www.cockpit-concept.de\/de\/wp-json\/wp\/v2\/product\/2300","targetHints":{"allow":["GET"]}}],"collection":[{"href":"https:\/\/www.cockpit-concept.de\/de\/wp-json\/wp\/v2\/product"}],"about":[{"href":"https:\/\/www.cockpit-concept.de\/de\/wp-json\/wp\/v2\/types\/product"}],"replies":[{"embeddable":true,"href":"https:\/\/www.cockpit-concept.de\/de\/wp-json\/wp\/v2\/comments?post=2300"}],"wp:featuredmedia":[{"embeddable":true,"href":"https:\/\/www.cockpit-concept.de\/de\/wp-json\/wp\/v2\/media\/2301"}],"wp:attachment":[{"href":"https:\/\/www.cockpit-concept.de\/de\/wp-json\/wp\/v2\/media?parent=2300"}],"wp:term":[{"taxonomy":"product_brand","embeddable":true,"href":"https:\/\/www.cockpit-concept.de\/de\/wp-json\/wp\/v2\/product_brand?post=2300"},{"taxonomy":"product_cat","embeddable":true,"href":"https:\/\/www.cockpit-concept.de\/de\/wp-json\/wp\/v2\/product_cat?post=2300"},{"taxonomy":"product_tag","embeddable":true,"href":"https:\/\/www.cockpit-concept.de\/de\/wp-json\/wp\/v2\/product_tag?post=2300"}],"curies":[{"name":"wp","href":"https:\/\/api.w.org\/{rel}","templated":true}]}}