{"id":2862,"date":"2024-09-12T14:33:59","date_gmt":"2024-09-12T12:33:59","guid":{"rendered":"https:\/\/www.cockpit-concept.de\/?post_type=product&#038;p=2862"},"modified":"2026-03-26T08:43:24","modified_gmt":"2026-03-26T07:43:24","slug":"hs-tx-ac-backlight-lan","status":"publish","type":"product","link":"https:\/\/www.cockpit-concept.de\/de\/shop\/hs-tx-ac-backlight-lan\/","title":{"rendered":"HS TX &#038; AC Backlight, LAN"},"content":{"rendered":"<p>Diese Platine erm\u00f6glicht es, originale Instrumente, die auf dem ARINC 429 High Speed Bus basieren, per LAN an den Flugsimulator anzuschlie\u00dfen. Die Platine hat eine einzelne Sendeeinheit und ist als LAN-Variante f\u00fcr den &#8222;ARINC 429 HS Transmitter, USB&#8220; entwickelt worden. Anstatt ein festes Profil wie bisher auszuw\u00e4hlen, kann man in der Software frei aus einer Liste die Daten zusammenstellen, die man ben\u00f6tigt und senden m\u00f6chte. Somit lassen sich mehrere Ger\u00e4te an der Platine parallel betreiben, ohne dass ein neues spezielles Profil erstellt werden muss.<\/p>\n<p>Zus\u00e4tzlich besitzt die Platine einen Generator f\u00fcr eine 400 Hz Wechselspannung, welche \u00fcber die Software zwischen 0 und 5 V (RMS) variiert werden kann. Die Beleuchtung der meisten Ger\u00e4te kann problemlos mit 5 V DC betrieben werden. Einige Ger\u00e4te ben\u00f6tigen aber eine AC-Steuerspannung um die Beleuchtung zu betreiben und zu variieren. Dies sind die Uhr APE-5100, die DCDU und der Vollformat Drucker (Widebody). \u00c4hnlich wie bei anderen Platinen kann die Datenquelle ausgew\u00e4hlt werden und eine Wertetabelle zur Kalibrierung erstellt werden. Insgesamt stehen drei Anschl\u00fcsse f\u00fcr die Spannung zur Verf\u00fcgung (jeweils AC-Signal und Masse).<\/p>\n<p><b><font color=\"FF0000\">Bitte beachten Sie, dass die Ausgangsleistung nur f\u00fcr die oben genannten Ger\u00e4te als Steuerspannung ausgelegt ist. Mit der Platine lassen sich keine Gl\u00fchlampen ansteuern.<\/font><\/b><\/p>\n<p><b><font color=\"FF0000\">Es wird eine externe 5 Volt Stromversorgung ben\u00f6tigt.<\/font><\/b><\/p>\n","protected":false},"excerpt":{"rendered":"<p>Diese Platine erm\u00f6glicht es, originale Instrumente, die auf dem ARINC 429 High Speed Bus basieren, per LAN an den Flugsimulator anzuschlie\u00dfen. Die Platine hat eine einzelne Sendeeinheit und ist als LAN-Variante f\u00fcr den &#8222;ARINC 429 HS Transmitter, USB&#8220; entwickelt worden. Anstatt ein festes Profil wie bisher auszuw\u00e4hlen, kann man in der Software frei aus einer [&hellip;]<\/p>\n","protected":false},"featured_media":2863,"comment_status":"closed","ping_status":"closed","template":"","meta":[],"product_brand":[],"product_cat":[93,124],"product_tag":[134,225,143,181,386,170,169,155,175],"class_list":{"0":"post-2862","1":"product","2":"type-product","3":"status-publish","4":"has-post-thumbnail","6":"product_cat-arinc-429-de","7":"product_cat-dimmer-de","8":"product_tag-arinc-429","9":"product_tag-backlight","10":"product_tag-clock","11":"product_tag-dimmer","12":"product_tag-ecp","13":"product_tag-ethernet","14":"product_tag-lan","15":"product_tag-rudder-trim","16":"product_tag-vsi","18":"first","19":"instock","20":"taxable","21":"shipping-taxable","22":"purchasable","23":"product-type-simple"},"yoast_head":"<!-- This site is optimized with the Yoast SEO plugin v25.7 - https:\/\/yoast.com\/wordpress\/plugins\/seo\/ -->\n<title>HS TX &amp; AC Backlight, LAN - Cockpit Concept<\/title>\n<meta name=\"robots\" content=\"index, follow, max-snippet:-1, max-image-preview:large, max-video-preview:-1\" \/>\n<link rel=\"canonical\" href=\"https:\/\/www.cockpit-concept.de\/de\/shop\/hs-tx-ac-backlight-lan\/\" \/>\n<meta property=\"og:locale\" content=\"de_DE\" \/>\n<meta property=\"og:type\" content=\"article\" \/>\n<meta property=\"og:title\" content=\"HS TX &amp; AC Backlight, LAN - Cockpit Concept\" \/>\n<meta property=\"og:description\" content=\"Diese Platine erm\u00f6glicht es, originale Instrumente, die auf dem ARINC 429 High Speed Bus basieren, per LAN an den Flugsimulator anzuschlie\u00dfen. Die Platine hat eine einzelne Sendeeinheit und ist als LAN-Variante f\u00fcr den &#8222;ARINC 429 HS Transmitter, USB&#8220; entwickelt worden. Anstatt ein festes Profil wie bisher auszuw\u00e4hlen, kann man in der Software frei aus einer [&hellip;]\" \/>\n<meta property=\"og:url\" content=\"https:\/\/www.cockpit-concept.de\/de\/shop\/hs-tx-ac-backlight-lan\/\" \/>\n<meta property=\"og:site_name\" content=\"Cockpit Concept\" \/>\n<meta property=\"article:modified_time\" content=\"2026-03-26T07:43:24+00:00\" \/>\n<meta property=\"og:image\" content=\"https:\/\/www.cockpit-concept.de\/wp-content\/uploads\/2024\/09\/hs_tx_ac_backlight_1.jpg\" \/>\n\t<meta property=\"og:image:width\" content=\"800\" \/>\n\t<meta property=\"og:image:height\" content=\"640\" \/>\n\t<meta property=\"og:image:type\" content=\"image\/jpeg\" \/>\n<meta name=\"twitter:card\" content=\"summary_large_image\" \/>\n<meta name=\"twitter:label1\" content=\"Gesch\u00e4tzte Lesezeit\" \/>\n\t<meta name=\"twitter:data1\" content=\"2\u00a0Minuten\" \/>\n<script type=\"application\/ld+json\" class=\"yoast-schema-graph\">{\"@context\":\"https:\/\/schema.org\",\"@graph\":[{\"@type\":\"WebPage\",\"@id\":\"https:\/\/www.cockpit-concept.de\/de\/shop\/hs-tx-ac-backlight-lan\/\",\"url\":\"https:\/\/www.cockpit-concept.de\/de\/shop\/hs-tx-ac-backlight-lan\/\",\"name\":\"HS TX & AC Backlight, LAN - Cockpit Concept\",\"isPartOf\":{\"@id\":\"https:\/\/www.cockpit-concept.de\/de\/#website\"},\"primaryImageOfPage\":{\"@id\":\"https:\/\/www.cockpit-concept.de\/de\/shop\/hs-tx-ac-backlight-lan\/#primaryimage\"},\"image\":{\"@id\":\"https:\/\/www.cockpit-concept.de\/de\/shop\/hs-tx-ac-backlight-lan\/#primaryimage\"},\"thumbnailUrl\":\"https:\/\/www.cockpit-concept.de\/wp-content\/uploads\/2024\/09\/hs_tx_ac_backlight_1.jpg\",\"datePublished\":\"2024-09-12T12:33:59+00:00\",\"dateModified\":\"2026-03-26T07:43:24+00:00\",\"breadcrumb\":{\"@id\":\"https:\/\/www.cockpit-concept.de\/de\/shop\/hs-tx-ac-backlight-lan\/#breadcrumb\"},\"inLanguage\":\"de\",\"potentialAction\":[{\"@type\":\"ReadAction\",\"target\":[\"https:\/\/www.cockpit-concept.de\/de\/shop\/hs-tx-ac-backlight-lan\/\"]}]},{\"@type\":\"ImageObject\",\"inLanguage\":\"de\",\"@id\":\"https:\/\/www.cockpit-concept.de\/de\/shop\/hs-tx-ac-backlight-lan\/#primaryimage\",\"url\":\"https:\/\/www.cockpit-concept.de\/wp-content\/uploads\/2024\/09\/hs_tx_ac_backlight_1.jpg\",\"contentUrl\":\"https:\/\/www.cockpit-concept.de\/wp-content\/uploads\/2024\/09\/hs_tx_ac_backlight_1.jpg\",\"width\":800,\"height\":640},{\"@type\":\"BreadcrumbList\",\"@id\":\"https:\/\/www.cockpit-concept.de\/de\/shop\/hs-tx-ac-backlight-lan\/#breadcrumb\",\"itemListElement\":[{\"@type\":\"ListItem\",\"position\":1,\"name\":\"Startseite\",\"item\":\"https:\/\/www.cockpit-concept.de\/de\/\"},{\"@type\":\"ListItem\",\"position\":2,\"name\":\"Shop\",\"item\":\"https:\/\/www.cockpit-concept.de\/de\/shop\/\"},{\"@type\":\"ListItem\",\"position\":3,\"name\":\"HS TX &#038; AC Backlight, LAN\"}]},{\"@type\":\"WebSite\",\"@id\":\"https:\/\/www.cockpit-concept.de\/de\/#website\",\"url\":\"https:\/\/www.cockpit-concept.de\/de\/\",\"name\":\"Cockpit Concept\",\"description\":\"Flight Simulator Electronics\",\"publisher\":{\"@id\":\"https:\/\/www.cockpit-concept.de\/de\/#organization\"},\"potentialAction\":[{\"@type\":\"SearchAction\",\"target\":{\"@type\":\"EntryPoint\",\"urlTemplate\":\"https:\/\/www.cockpit-concept.de\/de\/?s={search_term_string}\"},\"query-input\":{\"@type\":\"PropertyValueSpecification\",\"valueRequired\":true,\"valueName\":\"search_term_string\"}}],\"inLanguage\":\"de\"},{\"@type\":\"Organization\",\"@id\":\"https:\/\/www.cockpit-concept.de\/de\/#organization\",\"name\":\"Cockpit Concept\",\"url\":\"https:\/\/www.cockpit-concept.de\/de\/\",\"logo\":{\"@type\":\"ImageObject\",\"inLanguage\":\"de\",\"@id\":\"https:\/\/www.cockpit-concept.de\/de\/#\/schema\/logo\/image\/\",\"url\":\"https:\/\/www.cockpit-concept.de\/wp-content\/uploads\/2020\/12\/CockpitConcept.png\",\"contentUrl\":\"https:\/\/www.cockpit-concept.de\/wp-content\/uploads\/2020\/12\/CockpitConcept.png\",\"width\":800,\"height\":200,\"caption\":\"Cockpit Concept\"},\"image\":{\"@id\":\"https:\/\/www.cockpit-concept.de\/de\/#\/schema\/logo\/image\/\"}}]}<\/script>\n<!-- \/ Yoast SEO plugin. -->","yoast_head_json":{"title":"HS TX & AC Backlight, LAN - Cockpit Concept","robots":{"index":"index","follow":"follow","max-snippet":"max-snippet:-1","max-image-preview":"max-image-preview:large","max-video-preview":"max-video-preview:-1"},"canonical":"https:\/\/www.cockpit-concept.de\/de\/shop\/hs-tx-ac-backlight-lan\/","og_locale":"de_DE","og_type":"article","og_title":"HS TX & AC Backlight, LAN - Cockpit Concept","og_description":"Diese Platine erm\u00f6glicht es, originale Instrumente, die auf dem ARINC 429 High Speed Bus basieren, per LAN an den Flugsimulator anzuschlie\u00dfen. Die Platine hat eine einzelne Sendeeinheit und ist als LAN-Variante f\u00fcr den &#8222;ARINC 429 HS Transmitter, USB&#8220; entwickelt worden. Anstatt ein festes Profil wie bisher auszuw\u00e4hlen, kann man in der Software frei aus einer [&hellip;]","og_url":"https:\/\/www.cockpit-concept.de\/de\/shop\/hs-tx-ac-backlight-lan\/","og_site_name":"Cockpit Concept","article_modified_time":"2026-03-26T07:43:24+00:00","og_image":[{"width":800,"height":640,"url":"https:\/\/www.cockpit-concept.de\/wp-content\/uploads\/2024\/09\/hs_tx_ac_backlight_1.jpg","type":"image\/jpeg"}],"twitter_card":"summary_large_image","twitter_misc":{"Gesch\u00e4tzte Lesezeit":"2\u00a0Minuten"},"schema":{"@context":"https:\/\/schema.org","@graph":[{"@type":"WebPage","@id":"https:\/\/www.cockpit-concept.de\/de\/shop\/hs-tx-ac-backlight-lan\/","url":"https:\/\/www.cockpit-concept.de\/de\/shop\/hs-tx-ac-backlight-lan\/","name":"HS TX & AC Backlight, LAN - Cockpit Concept","isPartOf":{"@id":"https:\/\/www.cockpit-concept.de\/de\/#website"},"primaryImageOfPage":{"@id":"https:\/\/www.cockpit-concept.de\/de\/shop\/hs-tx-ac-backlight-lan\/#primaryimage"},"image":{"@id":"https:\/\/www.cockpit-concept.de\/de\/shop\/hs-tx-ac-backlight-lan\/#primaryimage"},"thumbnailUrl":"https:\/\/www.cockpit-concept.de\/wp-content\/uploads\/2024\/09\/hs_tx_ac_backlight_1.jpg","datePublished":"2024-09-12T12:33:59+00:00","dateModified":"2026-03-26T07:43:24+00:00","breadcrumb":{"@id":"https:\/\/www.cockpit-concept.de\/de\/shop\/hs-tx-ac-backlight-lan\/#breadcrumb"},"inLanguage":"de","potentialAction":[{"@type":"ReadAction","target":["https:\/\/www.cockpit-concept.de\/de\/shop\/hs-tx-ac-backlight-lan\/"]}]},{"@type":"ImageObject","inLanguage":"de","@id":"https:\/\/www.cockpit-concept.de\/de\/shop\/hs-tx-ac-backlight-lan\/#primaryimage","url":"https:\/\/www.cockpit-concept.de\/wp-content\/uploads\/2024\/09\/hs_tx_ac_backlight_1.jpg","contentUrl":"https:\/\/www.cockpit-concept.de\/wp-content\/uploads\/2024\/09\/hs_tx_ac_backlight_1.jpg","width":800,"height":640},{"@type":"BreadcrumbList","@id":"https:\/\/www.cockpit-concept.de\/de\/shop\/hs-tx-ac-backlight-lan\/#breadcrumb","itemListElement":[{"@type":"ListItem","position":1,"name":"Startseite","item":"https:\/\/www.cockpit-concept.de\/de\/"},{"@type":"ListItem","position":2,"name":"Shop","item":"https:\/\/www.cockpit-concept.de\/de\/shop\/"},{"@type":"ListItem","position":3,"name":"HS TX &#038; AC Backlight, LAN"}]},{"@type":"WebSite","@id":"https:\/\/www.cockpit-concept.de\/de\/#website","url":"https:\/\/www.cockpit-concept.de\/de\/","name":"Cockpit Concept","description":"Flight Simulator Electronics","publisher":{"@id":"https:\/\/www.cockpit-concept.de\/de\/#organization"},"potentialAction":[{"@type":"SearchAction","target":{"@type":"EntryPoint","urlTemplate":"https:\/\/www.cockpit-concept.de\/de\/?s={search_term_string}"},"query-input":{"@type":"PropertyValueSpecification","valueRequired":true,"valueName":"search_term_string"}}],"inLanguage":"de"},{"@type":"Organization","@id":"https:\/\/www.cockpit-concept.de\/de\/#organization","name":"Cockpit Concept","url":"https:\/\/www.cockpit-concept.de\/de\/","logo":{"@type":"ImageObject","inLanguage":"de","@id":"https:\/\/www.cockpit-concept.de\/de\/#\/schema\/logo\/image\/","url":"https:\/\/www.cockpit-concept.de\/wp-content\/uploads\/2020\/12\/CockpitConcept.png","contentUrl":"https:\/\/www.cockpit-concept.de\/wp-content\/uploads\/2020\/12\/CockpitConcept.png","width":800,"height":200,"caption":"Cockpit Concept"},"image":{"@id":"https:\/\/www.cockpit-concept.de\/de\/#\/schema\/logo\/image\/"}}]}},"_links":{"self":[{"href":"https:\/\/www.cockpit-concept.de\/de\/wp-json\/wp\/v2\/product\/2862","targetHints":{"allow":["GET"]}}],"collection":[{"href":"https:\/\/www.cockpit-concept.de\/de\/wp-json\/wp\/v2\/product"}],"about":[{"href":"https:\/\/www.cockpit-concept.de\/de\/wp-json\/wp\/v2\/types\/product"}],"replies":[{"embeddable":true,"href":"https:\/\/www.cockpit-concept.de\/de\/wp-json\/wp\/v2\/comments?post=2862"}],"wp:featuredmedia":[{"embeddable":true,"href":"https:\/\/www.cockpit-concept.de\/de\/wp-json\/wp\/v2\/media\/2863"}],"wp:attachment":[{"href":"https:\/\/www.cockpit-concept.de\/de\/wp-json\/wp\/v2\/media?parent=2862"}],"wp:term":[{"taxonomy":"product_brand","embeddable":true,"href":"https:\/\/www.cockpit-concept.de\/de\/wp-json\/wp\/v2\/product_brand?post=2862"},{"taxonomy":"product_cat","embeddable":true,"href":"https:\/\/www.cockpit-concept.de\/de\/wp-json\/wp\/v2\/product_cat?post=2862"},{"taxonomy":"product_tag","embeddable":true,"href":"https:\/\/www.cockpit-concept.de\/de\/wp-json\/wp\/v2\/product_tag?post=2862"}],"curies":[{"name":"wp","href":"https:\/\/api.w.org\/{rel}","templated":true}]}}