{"id":2898,"date":"2025-01-20T13:45:44","date_gmt":"2025-01-20T12:45:44","guid":{"rendered":"https:\/\/www.cockpit-concept.de\/?post_type=product&#038;p=2898"},"modified":"2026-02-13T10:25:53","modified_gmt":"2026-02-13T09:25:53","slug":"analog-output-board-mini-lan","status":"publish","type":"product","link":"https:\/\/www.cockpit-concept.de\/de\/shop\/analog-output-board-mini-lan\/","title":{"rendered":"Analog Output Board Mini, LAN"},"content":{"rendered":"<p>Die Platine besitzt 4 analoge Spannungsausg\u00e4nge. Der Spannungsbereich hat eine Aufl\u00f6sung von 12 Bit (Wert 0 bis 4095) und kann mittels zweier Trimmer voreingestellt werden. Dabei kann der Spannungsbereich von 0 bis ca. 9,7 Volt ver\u00e4ndert werden und ein Offset zwischen ca. -12,5 und +11,3 Volt eingestellt werden. Damit lassen sich die vollen 12 Bit in dem voreingestellten Spannungsbereich nutzen. Zahlreiche Kombinationen sind m\u00f6glich, z.B. 0 bis 5 V oder -3 bis +3 V. Plug and Play mit JeeHell, ProSim (A320 und 737) und X-Plane.<\/p>\n<p>In der Software wird eine Datenquelle ausgew\u00e4hlt und \u00fcber eine Wertetabelle mit dem Ausgang verbunden. Auch originale Instrumente, die eine analoge Spannung ben\u00f6tigen, k\u00f6nnen damit angesteuert werden. Dank der Wertetabelle k\u00f6nnen auch ungleichm\u00e4\u00dfige Ziffernbl\u00e4tter kalibriert werden.<br \/>\nDie Ausg\u00e4nge sind f\u00fcr hochohmige Eing\u00e4nge ausgelegt und d\u00fcrfen nur bis zu wenigen mA belastet werden.<\/p>\n<p>Die Platine ist eine kleinere Version des &#8222;Analog Output Board, LAN&#8220; und ist als LAN-Variante f\u00fcr das &#8222;Analog Voltage Board, USB&#8220; entwickelt worden.<\/p>\n<p><b><font color=\"FF0000\">Es wird eine externe 5 Volt Stromversorgung ben\u00f6tigt.<\/font><\/b><\/p>\n","protected":false},"excerpt":{"rendered":"<p>Die Platine besitzt 4 analoge Spannungsausg\u00e4nge. Der Spannungsbereich hat eine Aufl\u00f6sung von 12 Bit (Wert 0 bis 4095) und kann mittels zweier Trimmer voreingestellt werden. Dabei kann der Spannungsbereich von 0 bis ca. 9,7 Volt ver\u00e4ndert werden und ein Offset zwischen ca. -12,5 und +11,3 Volt eingestellt werden. Damit lassen sich die vollen 12 Bit [&hellip;]<\/p>\n","protected":false},"featured_media":2900,"comment_status":"open","ping_status":"closed","template":"","meta":[],"product_brand":[],"product_cat":[125],"product_tag":[210,182,208,209,206,170,201,184,169,211,207,191,185,202,203,187,186],"class_list":{"0":"post-2898","1":"product","2":"type-product","3":"status-publish","4":"has-post-thumbnail","6":"product_cat-input-output-de","7":"product_tag-accu","8":"product_tag-analog","9":"product_tag-brake","10":"product_tag-brakes","11":"product_tag-duct","12":"product_tag-ethernet","13":"product_tag-flightfactor","14":"product_tag-jeehell","15":"product_tag-lan","16":"product_tag-metering","17":"product_tag-outflow","18":"product_tag-output","19":"product_tag-prosim","20":"product_tag-toliss","21":"product_tag-voltage","22":"product_tag-x-plane","23":"product_tag-xplane","25":"first","26":"instock","27":"taxable","28":"shipping-taxable","29":"purchasable","30":"product-type-simple"},"yoast_head":"<!-- This site is optimized with the Yoast SEO plugin v25.7 - https:\/\/yoast.com\/wordpress\/plugins\/seo\/ -->\n<title>Analog Output Board Mini, LAN - Cockpit Concept<\/title>\n<meta name=\"robots\" content=\"index, follow, max-snippet:-1, max-image-preview:large, max-video-preview:-1\" \/>\n<link rel=\"canonical\" href=\"https:\/\/www.cockpit-concept.de\/de\/shop\/analog-output-board-mini-lan\/\" \/>\n<meta property=\"og:locale\" content=\"de_DE\" \/>\n<meta property=\"og:type\" content=\"article\" \/>\n<meta property=\"og:title\" content=\"Analog Output Board Mini, LAN - Cockpit Concept\" \/>\n<meta property=\"og:description\" content=\"Die Platine besitzt 4 analoge Spannungsausg\u00e4nge. Der Spannungsbereich hat eine Aufl\u00f6sung von 12 Bit (Wert 0 bis 4095) und kann mittels zweier Trimmer voreingestellt werden. Dabei kann der Spannungsbereich von 0 bis ca. 9,7 Volt ver\u00e4ndert werden und ein Offset zwischen ca. -12,5 und +11,3 Volt eingestellt werden. Damit lassen sich die vollen 12 Bit [&hellip;]\" \/>\n<meta property=\"og:url\" content=\"https:\/\/www.cockpit-concept.de\/de\/shop\/analog-output-board-mini-lan\/\" \/>\n<meta property=\"og:site_name\" content=\"Cockpit Concept\" \/>\n<meta property=\"article:modified_time\" content=\"2026-02-13T09:25:53+00:00\" \/>\n<meta property=\"og:image\" content=\"https:\/\/www.cockpit-concept.de\/wp-content\/uploads\/2025\/01\/analog_output_board_mini.jpg\" \/>\n\t<meta property=\"og:image:width\" content=\"800\" \/>\n\t<meta property=\"og:image:height\" content=\"640\" \/>\n\t<meta property=\"og:image:type\" content=\"image\/jpeg\" \/>\n<meta name=\"twitter:card\" content=\"summary_large_image\" \/>\n<meta name=\"twitter:label1\" content=\"Gesch\u00e4tzte Lesezeit\" \/>\n\t<meta name=\"twitter:data1\" content=\"2\u00a0Minuten\" \/>\n<script type=\"application\/ld+json\" class=\"yoast-schema-graph\">{\"@context\":\"https:\/\/schema.org\",\"@graph\":[{\"@type\":\"WebPage\",\"@id\":\"https:\/\/www.cockpit-concept.de\/de\/shop\/analog-output-board-mini-lan\/\",\"url\":\"https:\/\/www.cockpit-concept.de\/de\/shop\/analog-output-board-mini-lan\/\",\"name\":\"Analog Output Board Mini, LAN - Cockpit Concept\",\"isPartOf\":{\"@id\":\"https:\/\/www.cockpit-concept.de\/de\/#website\"},\"primaryImageOfPage\":{\"@id\":\"https:\/\/www.cockpit-concept.de\/de\/shop\/analog-output-board-mini-lan\/#primaryimage\"},\"image\":{\"@id\":\"https:\/\/www.cockpit-concept.de\/de\/shop\/analog-output-board-mini-lan\/#primaryimage\"},\"thumbnailUrl\":\"https:\/\/www.cockpit-concept.de\/wp-content\/uploads\/2025\/01\/analog_output_board_mini.jpg\",\"datePublished\":\"2025-01-20T12:45:44+00:00\",\"dateModified\":\"2026-02-13T09:25:53+00:00\",\"breadcrumb\":{\"@id\":\"https:\/\/www.cockpit-concept.de\/de\/shop\/analog-output-board-mini-lan\/#breadcrumb\"},\"inLanguage\":\"de\",\"potentialAction\":[{\"@type\":\"ReadAction\",\"target\":[\"https:\/\/www.cockpit-concept.de\/de\/shop\/analog-output-board-mini-lan\/\"]}]},{\"@type\":\"ImageObject\",\"inLanguage\":\"de\",\"@id\":\"https:\/\/www.cockpit-concept.de\/de\/shop\/analog-output-board-mini-lan\/#primaryimage\",\"url\":\"https:\/\/www.cockpit-concept.de\/wp-content\/uploads\/2025\/01\/analog_output_board_mini.jpg\",\"contentUrl\":\"https:\/\/www.cockpit-concept.de\/wp-content\/uploads\/2025\/01\/analog_output_board_mini.jpg\",\"width\":800,\"height\":640},{\"@type\":\"BreadcrumbList\",\"@id\":\"https:\/\/www.cockpit-concept.de\/de\/shop\/analog-output-board-mini-lan\/#breadcrumb\",\"itemListElement\":[{\"@type\":\"ListItem\",\"position\":1,\"name\":\"Startseite\",\"item\":\"https:\/\/www.cockpit-concept.de\/de\/\"},{\"@type\":\"ListItem\",\"position\":2,\"name\":\"Shop\",\"item\":\"https:\/\/www.cockpit-concept.de\/de\/shop\/\"},{\"@type\":\"ListItem\",\"position\":3,\"name\":\"Analog Output Board Mini, LAN\"}]},{\"@type\":\"WebSite\",\"@id\":\"https:\/\/www.cockpit-concept.de\/de\/#website\",\"url\":\"https:\/\/www.cockpit-concept.de\/de\/\",\"name\":\"Cockpit Concept\",\"description\":\"Flight Simulator Electronics\",\"publisher\":{\"@id\":\"https:\/\/www.cockpit-concept.de\/de\/#organization\"},\"potentialAction\":[{\"@type\":\"SearchAction\",\"target\":{\"@type\":\"EntryPoint\",\"urlTemplate\":\"https:\/\/www.cockpit-concept.de\/de\/?s={search_term_string}\"},\"query-input\":{\"@type\":\"PropertyValueSpecification\",\"valueRequired\":true,\"valueName\":\"search_term_string\"}}],\"inLanguage\":\"de\"},{\"@type\":\"Organization\",\"@id\":\"https:\/\/www.cockpit-concept.de\/de\/#organization\",\"name\":\"Cockpit Concept\",\"url\":\"https:\/\/www.cockpit-concept.de\/de\/\",\"logo\":{\"@type\":\"ImageObject\",\"inLanguage\":\"de\",\"@id\":\"https:\/\/www.cockpit-concept.de\/de\/#\/schema\/logo\/image\/\",\"url\":\"https:\/\/www.cockpit-concept.de\/wp-content\/uploads\/2020\/12\/CockpitConcept.png\",\"contentUrl\":\"https:\/\/www.cockpit-concept.de\/wp-content\/uploads\/2020\/12\/CockpitConcept.png\",\"width\":800,\"height\":200,\"caption\":\"Cockpit Concept\"},\"image\":{\"@id\":\"https:\/\/www.cockpit-concept.de\/de\/#\/schema\/logo\/image\/\"}}]}<\/script>\n<!-- \/ Yoast SEO plugin. -->","yoast_head_json":{"title":"Analog Output Board Mini, LAN - Cockpit Concept","robots":{"index":"index","follow":"follow","max-snippet":"max-snippet:-1","max-image-preview":"max-image-preview:large","max-video-preview":"max-video-preview:-1"},"canonical":"https:\/\/www.cockpit-concept.de\/de\/shop\/analog-output-board-mini-lan\/","og_locale":"de_DE","og_type":"article","og_title":"Analog Output Board Mini, LAN - Cockpit Concept","og_description":"Die Platine besitzt 4 analoge Spannungsausg\u00e4nge. Der Spannungsbereich hat eine Aufl\u00f6sung von 12 Bit (Wert 0 bis 4095) und kann mittels zweier Trimmer voreingestellt werden. Dabei kann der Spannungsbereich von 0 bis ca. 9,7 Volt ver\u00e4ndert werden und ein Offset zwischen ca. -12,5 und +11,3 Volt eingestellt werden. Damit lassen sich die vollen 12 Bit [&hellip;]","og_url":"https:\/\/www.cockpit-concept.de\/de\/shop\/analog-output-board-mini-lan\/","og_site_name":"Cockpit Concept","article_modified_time":"2026-02-13T09:25:53+00:00","og_image":[{"width":800,"height":640,"url":"https:\/\/www.cockpit-concept.de\/wp-content\/uploads\/2025\/01\/analog_output_board_mini.jpg","type":"image\/jpeg"}],"twitter_card":"summary_large_image","twitter_misc":{"Gesch\u00e4tzte Lesezeit":"2\u00a0Minuten"},"schema":{"@context":"https:\/\/schema.org","@graph":[{"@type":"WebPage","@id":"https:\/\/www.cockpit-concept.de\/de\/shop\/analog-output-board-mini-lan\/","url":"https:\/\/www.cockpit-concept.de\/de\/shop\/analog-output-board-mini-lan\/","name":"Analog Output Board Mini, LAN - Cockpit Concept","isPartOf":{"@id":"https:\/\/www.cockpit-concept.de\/de\/#website"},"primaryImageOfPage":{"@id":"https:\/\/www.cockpit-concept.de\/de\/shop\/analog-output-board-mini-lan\/#primaryimage"},"image":{"@id":"https:\/\/www.cockpit-concept.de\/de\/shop\/analog-output-board-mini-lan\/#primaryimage"},"thumbnailUrl":"https:\/\/www.cockpit-concept.de\/wp-content\/uploads\/2025\/01\/analog_output_board_mini.jpg","datePublished":"2025-01-20T12:45:44+00:00","dateModified":"2026-02-13T09:25:53+00:00","breadcrumb":{"@id":"https:\/\/www.cockpit-concept.de\/de\/shop\/analog-output-board-mini-lan\/#breadcrumb"},"inLanguage":"de","potentialAction":[{"@type":"ReadAction","target":["https:\/\/www.cockpit-concept.de\/de\/shop\/analog-output-board-mini-lan\/"]}]},{"@type":"ImageObject","inLanguage":"de","@id":"https:\/\/www.cockpit-concept.de\/de\/shop\/analog-output-board-mini-lan\/#primaryimage","url":"https:\/\/www.cockpit-concept.de\/wp-content\/uploads\/2025\/01\/analog_output_board_mini.jpg","contentUrl":"https:\/\/www.cockpit-concept.de\/wp-content\/uploads\/2025\/01\/analog_output_board_mini.jpg","width":800,"height":640},{"@type":"BreadcrumbList","@id":"https:\/\/www.cockpit-concept.de\/de\/shop\/analog-output-board-mini-lan\/#breadcrumb","itemListElement":[{"@type":"ListItem","position":1,"name":"Startseite","item":"https:\/\/www.cockpit-concept.de\/de\/"},{"@type":"ListItem","position":2,"name":"Shop","item":"https:\/\/www.cockpit-concept.de\/de\/shop\/"},{"@type":"ListItem","position":3,"name":"Analog Output Board Mini, LAN"}]},{"@type":"WebSite","@id":"https:\/\/www.cockpit-concept.de\/de\/#website","url":"https:\/\/www.cockpit-concept.de\/de\/","name":"Cockpit Concept","description":"Flight Simulator Electronics","publisher":{"@id":"https:\/\/www.cockpit-concept.de\/de\/#organization"},"potentialAction":[{"@type":"SearchAction","target":{"@type":"EntryPoint","urlTemplate":"https:\/\/www.cockpit-concept.de\/de\/?s={search_term_string}"},"query-input":{"@type":"PropertyValueSpecification","valueRequired":true,"valueName":"search_term_string"}}],"inLanguage":"de"},{"@type":"Organization","@id":"https:\/\/www.cockpit-concept.de\/de\/#organization","name":"Cockpit Concept","url":"https:\/\/www.cockpit-concept.de\/de\/","logo":{"@type":"ImageObject","inLanguage":"de","@id":"https:\/\/www.cockpit-concept.de\/de\/#\/schema\/logo\/image\/","url":"https:\/\/www.cockpit-concept.de\/wp-content\/uploads\/2020\/12\/CockpitConcept.png","contentUrl":"https:\/\/www.cockpit-concept.de\/wp-content\/uploads\/2020\/12\/CockpitConcept.png","width":800,"height":200,"caption":"Cockpit Concept"},"image":{"@id":"https:\/\/www.cockpit-concept.de\/de\/#\/schema\/logo\/image\/"}}]}},"_links":{"self":[{"href":"https:\/\/www.cockpit-concept.de\/de\/wp-json\/wp\/v2\/product\/2898","targetHints":{"allow":["GET"]}}],"collection":[{"href":"https:\/\/www.cockpit-concept.de\/de\/wp-json\/wp\/v2\/product"}],"about":[{"href":"https:\/\/www.cockpit-concept.de\/de\/wp-json\/wp\/v2\/types\/product"}],"replies":[{"embeddable":true,"href":"https:\/\/www.cockpit-concept.de\/de\/wp-json\/wp\/v2\/comments?post=2898"}],"wp:featuredmedia":[{"embeddable":true,"href":"https:\/\/www.cockpit-concept.de\/de\/wp-json\/wp\/v2\/media\/2900"}],"wp:attachment":[{"href":"https:\/\/www.cockpit-concept.de\/de\/wp-json\/wp\/v2\/media?parent=2898"}],"wp:term":[{"taxonomy":"product_brand","embeddable":true,"href":"https:\/\/www.cockpit-concept.de\/de\/wp-json\/wp\/v2\/product_brand?post=2898"},{"taxonomy":"product_cat","embeddable":true,"href":"https:\/\/www.cockpit-concept.de\/de\/wp-json\/wp\/v2\/product_cat?post=2898"},{"taxonomy":"product_tag","embeddable":true,"href":"https:\/\/www.cockpit-concept.de\/de\/wp-json\/wp\/v2\/product_tag?post=2898"}],"curies":[{"name":"wp","href":"https:\/\/api.w.org\/{rel}","templated":true}]}}